{"id":114,"date":"2014-09-12T11:24:38","date_gmt":"2014-09-12T10:24:38","guid":{"rendered":"http:\/\/www.microlide.com\/fr\/?page_id=114"},"modified":"2024-09-30T14:42:37","modified_gmt":"2024-09-30T13:42:37","slug":"documentations-technique","status":"publish","type":"page","link":"https:\/\/www.microlide.com\/fr\/documentations-technique\/","title":{"rendered":"Documentations technique"},"content":{"rendered":"\t\t<div data-elementor-type=\"wp-page\" data-elementor-id=\"114\" class=\"elementor elementor-114\">\n\t\t\t\t\t\t\t\t\t<section class=\"elementor-section elementor-top-section elementor-element elementor-element-965b782 elementor-section-boxed elementor-section-height-default elementor-section-height-default\" data-id=\"965b782\" data-element_type=\"section\" data-settings=\"{&quot;background_background&quot;:&quot;classic&quot;}\">\n\t\t\t\t\t\t<div class=\"elementor-container elementor-column-gap-default\">\n\t\t\t\t\t<div class=\"elementor-column elementor-col-100 elementor-top-column elementor-element elementor-element-ad272bf\" data-id=\"ad272bf\" data-element_type=\"column\">\n\t\t\t<div class=\"elementor-widget-wrap elementor-element-populated\">\n\t\t\t\t\t\t\t\t<div class=\"elementor-element elementor-element-7114b69 elementor-widget elementor-widget-heading\" data-id=\"7114b69\" data-element_type=\"widget\" data-widget_type=\"heading.default\">\n\t\t\t\t<div class=\"elementor-widget-container\">\n\t\t\t<style>\/*! elementor - v3.15.0 - 02-08-2023 *\/\n.elementor-heading-title{padding:0;margin:0;line-height:1}.elementor-widget-heading .elementor-heading-title[class*=elementor-size-]>a{color:inherit;font-size:inherit;line-height:inherit}.elementor-widget-heading .elementor-heading-title.elementor-size-small{font-size:15px}.elementor-widget-heading .elementor-heading-title.elementor-size-medium{font-size:19px}.elementor-widget-heading .elementor-heading-title.elementor-size-large{font-size:29px}.elementor-widget-heading .elementor-heading-title.elementor-size-xl{font-size:39px}.elementor-widget-heading .elementor-heading-title.elementor-size-xxl{font-size:59px}<\/style><h2 class=\"elementor-heading-title elementor-size-default\">Documentations techniques<\/h2>\t\t<\/div>\n\t\t\t\t<\/div>\n\t\t\t\t<div class=\"elementor-element elementor-element-9f1df28 elementor-widget elementor-widget-heading\" data-id=\"9f1df28\" data-element_type=\"widget\" data-widget_type=\"heading.default\">\n\t\t\t\t<div class=\"elementor-widget-container\">\n\t\t\t<h3 class=\"elementor-heading-title elementor-size-default\">Prenez connaissances de nos documents<\/h3>\t\t<\/div>\n\t\t\t\t<\/div>\n\t\t\t\t\t<\/div>\n\t\t<\/div>\n\t\t\t\t\t\t\t<\/div>\n\t\t<\/section>\n\t\t\t\t<section class=\"elementor-section elementor-top-section elementor-element elementor-element-5b8fe85 elementor-section-boxed elementor-section-height-default elementor-section-height-default\" data-id=\"5b8fe85\" data-element_type=\"section\" data-settings=\"{&quot;background_background&quot;:&quot;classic&quot;}\">\n\t\t\t\t\t\t<div class=\"elementor-container elementor-column-gap-default\">\n\t\t\t\t\t<div class=\"elementor-column elementor-col-100 elementor-top-column elementor-element elementor-element-fd5cd0e\" data-id=\"fd5cd0e\" data-element_type=\"column\">\n\t\t\t<div class=\"elementor-widget-wrap elementor-element-populated\">\n\t\t\t\t\t\t\t\t<div class=\"elementor-element elementor-element-b0b43a2 elementor-widget elementor-widget-heading\" data-id=\"b0b43a2\" data-element_type=\"widget\" data-widget_type=\"heading.default\">\n\t\t\t\t<div class=\"elementor-widget-container\">\n\t\t\t<h2 class=\"elementor-heading-title elementor-size-default\">Nos documentations techniques<\/h2>\t\t<\/div>\n\t\t\t\t<\/div>\n\t\t\t\t<div class=\"elementor-element elementor-element-aeff91c elementor-widget elementor-widget-heading\" data-id=\"aeff91c\" data-element_type=\"widget\" data-widget_type=\"heading.default\">\n\t\t\t\t<div class=\"elementor-widget-container\">\n\t\t\t<h3 class=\"elementor-heading-title elementor-size-default\">Choisissez une solution pour lister les documentations techniques concern\u00e9es<\/h3>\t\t<\/div>\n\t\t\t\t<\/div>\n\t\t\t\t\t<\/div>\n\t\t<\/div>\n\t\t\t\t\t\t\t<\/div>\n\t\t<\/section>\n\t\t\t\t<section class=\"elementor-section elementor-top-section elementor-element elementor-element-0b69e05 elementor-section-boxed elementor-section-height-default elementor-section-height-default\" data-id=\"0b69e05\" data-element_type=\"section\">\n\t\t\t\t\t\t<div class=\"elementor-container elementor-column-gap-default\">\n\t\t\t\t\t<div class=\"elementor-column elementor-col-100 elementor-top-column elementor-element elementor-element-0ccc83a\" data-id=\"0ccc83a\" data-element_type=\"column\">\n\t\t\t<div class=\"elementor-widget-wrap elementor-element-populated\">\n\t\t\t\t\t\t\t\t<div class=\"elementor-element elementor-element-0ecdc64 elementor-hidden-desktop elementor-hidden-tablet elementor-hidden-mobile elementor-widget elementor-widget-alert\" data-id=\"0ecdc64\" data-element_type=\"widget\" data-widget_type=\"alert.default\">\n\t\t\t\t<div class=\"elementor-widget-container\">\n\t\t\t<style>\/*! elementor - v3.15.0 - 02-08-2023 *\/\n.elementor-alert{padding:15px;border-left:5px solid transparent;position:relative;text-align:left}.elementor-alert .elementor-alert-title{display:block;font-weight:700}.elementor-alert .elementor-alert-description{font-size:13px}.elementor-alert button.elementor-alert-dismiss{position:absolute;right:var(--dismiss-icon-horizontal-position,10px);top:var(--dismiss-icon-vertical-position,10px);padding:3px;font-size:var(--dismiss-icon-size,20px);line-height:1;background:transparent;color:var(--dismiss-icon-normal-color,inherit);border:none;cursor:pointer;transition-duration:var(--dismiss-icon-hover-transition-duration,.3s)}.elementor-alert button.elementor-alert-dismiss:hover{color:var(--dismiss-icon-hover-color,inherit)}.elementor-alert button.elementor-alert-dismiss svg{width:var(--dismiss-icon-size,20px);height:var(--dismiss-icon-size,20px);fill:var(--dismiss-icon-normal-color,currentColor);transition-duration:var(--dismiss-icon-hover-transition-duration,.3s)}.elementor-alert button.elementor-alert-dismiss svg:hover{fill:var(--dismiss-icon-hover-color,currentColor)}.elementor-alert.elementor-alert-info{color:#31708f;background-color:#d9edf7;border-color:#bcdff1}.elementor-alert.elementor-alert-success{color:#3c763d;background-color:#dff0d8;border-color:#cae6be}.elementor-alert.elementor-alert-warning{color:#8a6d3b;background-color:#fcf8e3;border-color:#f9f0c3}.elementor-alert.elementor-alert-danger{color:#a94442;background-color:#f2dede;border-color:#e8c4c4}@media (max-width:767px){.elementor-alert{padding:10px}.elementor-alert button.elementor-alert-dismiss{right:7px;top:7px}}<\/style>\t\t<div class=\"elementor-alert elementor-alert-info\" role=\"alert\">\n\t\t\t<span class=\"elementor-alert-title\">Alerte connexion<\/span>\n\t\t\t\t\t\t\t<span class=\"elementor-alert-description\">Vous devez \u00eatre identifi\u00e9 pour acc\u00e8s aux documentations techniques en passant par la page \u00abSe connecter\u00bb.\nSinon, vous pouvez \u00e9galement remplir le formulaire de demande \u00e0 la page \u00abNous contacter\u00bb.<\/span>\n\t\t\t\t\t\t\t\t\t\t<button type=\"button\" class=\"elementor-alert-dismiss\">\n\t\t\t\t\t\t\t\t\t\t\t<span aria-hidden=\"true\">&times;<\/span>\n\t\t\t\t\t\t\t\t\t\t<span class=\"elementor-screen-only\">Ignorer cette alerte.<\/span>\n\t\t\t\t<\/button>\n\t\t\t\t\t<\/div>\n\t\t\t\t<\/div>\n\t\t\t\t<\/div>\n\t\t\t\t<div class=\"elementor-element elementor-element-d18977e elementor-widget elementor-widget-shortcode\" data-id=\"d18977e\" data-element_type=\"widget\" data-widget_type=\"shortcode.default\">\n\t\t\t\t<div class=\"elementor-widget-container\">\n\t\t\t\r\n        <div class=\"warning\">\r\n            <h3 class=\"warning-h3\"> Alerte connexion <\/h3>\r\n            <p class=\"p-warning\">\r\n                Vous devez \u00eatre identifi\u00e9 pour acc\u00e9der aux documentations techniques en passant par la page <a href=\"https:\/\/www.microlide.com\/fr\/se-connecter\">\"Se connecter\"<\/a>.\r\n            <\/p>\r\n            <p class=\"p-warning\">\r\n                Sinon, vous pouvez \u00e9galement remplir le formulaire de demande \u00e0 la page <a href=\"https:\/\/www.microlide.com\/fr\/nous-contacter\">\"Nous contacter\"<\/a>.\r\n            <\/p>\r\n        <\/div>\r\n\r\n        \t\t<div class=\"elementor-shortcode\"><\/div>\n\t\t\t\t<\/div>\n\t\t\t\t<\/div>\n\t\t\t\t\t<\/div>\n\t\t<\/div>\n\t\t\t\t\t\t\t<\/div>\n\t\t<\/section>\n\t\t\t\t<section class=\"elementor-section elementor-top-section elementor-element elementor-element-c12d14f elementor-section-boxed elementor-section-height-default elementor-section-height-default\" data-id=\"c12d14f\" data-element_type=\"section\" data-settings=\"{&quot;background_background&quot;:&quot;classic&quot;}\">\n\t\t\t\t\t\t<div class=\"elementor-container elementor-column-gap-default\">\n\t\t\t\t\t<div class=\"elementor-column elementor-col-100 elementor-top-column elementor-element elementor-element-5564fc8\" data-id=\"5564fc8\" data-element_type=\"column\">\n\t\t\t<div class=\"elementor-widget-wrap elementor-element-populated\">\n\t\t\t\t\t\t\t\t<div class=\"elementor-element elementor-element-8a17823 elementor-widget elementor-widget-heading\" data-id=\"8a17823\" data-element_type=\"widget\" data-widget_type=\"heading.default\">\n\t\t\t\t<div class=\"elementor-widget-container\">\n\t\t\t<h2 class=\"elementor-heading-title elementor-size-default\">Besoin d'aide ?<\/h2>\t\t<\/div>\n\t\t\t\t<\/div>\n\t\t\t\t<div class=\"elementor-element elementor-element-17fa3b9 elementor-widget elementor-widget-heading\" data-id=\"17fa3b9\" data-element_type=\"widget\" data-widget_type=\"heading.default\">\n\t\t\t\t<div class=\"elementor-widget-container\">\n\t\t\t<h3 class=\"elementor-heading-title elementor-size-default\">Acc\u00e9dez \u00e0 la page support<\/h3>\t\t<\/div>\n\t\t\t\t<\/div>\n\t\t\t\t<div class=\"elementor-element elementor-element-3ab5ed4 elementor-align-center elementor-widget elementor-widget-button\" data-id=\"3ab5ed4\" data-element_type=\"widget\" data-widget_type=\"button.default\">\n\t\t\t\t<div class=\"elementor-widget-container\">\n\t\t\t\t\t<div class=\"elementor-button-wrapper\">\n\t\t\t<a class=\"elementor-button elementor-button-link elementor-size-sm\" href=\"https:\/\/www.microlide.com\/fr\/support\/\">\n\t\t\t\t\t\t<span class=\"elementor-button-content-wrapper\">\n\t\t\t\t\t\t<span class=\"elementor-button-text\">J\u2019ai besoin d\u2019aide<\/span>\n\t\t<\/span>\n\t\t\t\t\t<\/a>\n\t\t<\/div>\n\t\t\t\t<\/div>\n\t\t\t\t<\/div>\n\t\t\t\t\t<\/div>\n\t\t<\/div>\n\t\t\t\t\t\t\t<\/div>\n\t\t<\/section>\n\t\t\t\t\t\t\t<\/div>\n\t\t","protected":false},"excerpt":{"rendered":"<p>Documentations techniques Prenez connaissances de nos documents Nos documentations techniques Choisissez une solution pour lister les documentations techniques concern\u00e9es Alerte connexion Vous devez \u00eatre identifi\u00e9 pour acc\u00e8s aux documentations techniques en passant par la page \u00abSe connecter\u00bb. Sinon, vous pouvez \u00e9galement remplir le formulaire de demande \u00e0 la page \u00abNous contacter\u00bb. &times; Ignorer cette alerte. [&hellip;]<\/p>\n","protected":false},"author":1,"featured_media":0,"parent":0,"menu_order":0,"comment_status":"closed","ping_status":"closed","template":"elementor_header_footer","meta":[],"yoast_head":"<!-- This site is optimized with the Yoast SEO plugin v20.12 - https:\/\/yoast.com\/wordpress\/plugins\/seo\/ -->\n<title>Documentations technique - SN Microlide<\/title>\n<meta name=\"robots\" content=\"index, follow, max-snippet:-1, max-image-preview:large, max-video-preview:-1\" \/>\n<link rel=\"canonical\" href=\"https:\/\/www.microlide.com\/fr\/documentations-technique\/\" \/>\n<meta property=\"og:locale\" content=\"fr_FR\" \/>\n<meta property=\"og:type\" content=\"article\" \/>\n<meta property=\"og:title\" content=\"Documentations technique - SN Microlide\" \/>\n<meta property=\"og:description\" content=\"Documentations techniques Prenez connaissances de nos documents Nos documentations techniques Choisissez une solution pour lister les documentations techniques concern\u00e9es Alerte connexion Vous devez \u00eatre identifi\u00e9 pour acc\u00e8s aux documentations techniques en passant par la page \u00abSe connecter\u00bb. Sinon, vous pouvez \u00e9galement remplir le formulaire de demande \u00e0 la page \u00abNous contacter\u00bb. &times; Ignorer cette alerte. [&hellip;]\" \/>\n<meta property=\"og:url\" content=\"https:\/\/www.microlide.com\/fr\/documentations-technique\/\" \/>\n<meta property=\"og:site_name\" content=\"SN Microlide\" \/>\n<meta property=\"article:publisher\" content=\"https:\/\/www.facebook.com\/SNMicrolide\/?locale=fr_FR\" \/>\n<meta property=\"article:modified_time\" content=\"2024-09-30T13:42:37+00:00\" \/>\n<meta name=\"twitter:card\" content=\"summary_large_image\" \/>\n<meta name=\"twitter:label1\" content=\"Dur\u00e9e de lecture estim\u00e9e\" \/>\n\t<meta name=\"twitter:data1\" content=\"1 minute\" \/>\n<script type=\"application\/ld+json\" class=\"yoast-schema-graph\">{\"@context\":\"https:\/\/schema.org\",\"@graph\":[{\"@type\":\"WebPage\",\"@id\":\"https:\/\/www.microlide.com\/fr\/documentations-technique\/\",\"url\":\"https:\/\/www.microlide.com\/fr\/documentations-technique\/\",\"name\":\"Documentations technique - SN Microlide\",\"isPartOf\":{\"@id\":\"https:\/\/www.microlide.com\/fr\/#website\"},\"datePublished\":\"2014-09-12T10:24:38+00:00\",\"dateModified\":\"2024-09-30T13:42:37+00:00\",\"breadcrumb\":{\"@id\":\"https:\/\/www.microlide.com\/fr\/documentations-technique\/#breadcrumb\"},\"inLanguage\":\"fr-FR\",\"potentialAction\":[{\"@type\":\"ReadAction\",\"target\":[\"https:\/\/www.microlide.com\/fr\/documentations-technique\/\"]}]},{\"@type\":\"BreadcrumbList\",\"@id\":\"https:\/\/www.microlide.com\/fr\/documentations-technique\/#breadcrumb\",\"itemListElement\":[{\"@type\":\"ListItem\",\"position\":1,\"name\":\"Accueil\",\"item\":\"https:\/\/www.microlide.com\/fr\/\"},{\"@type\":\"ListItem\",\"position\":2,\"name\":\"Documentations technique\"}]},{\"@type\":\"WebSite\",\"@id\":\"https:\/\/www.microlide.com\/fr\/#website\",\"url\":\"https:\/\/www.microlide.com\/fr\/\",\"name\":\"SN Microlide\",\"description\":\"Fabricant d&#039;enregistreurs de temp\u00e9ratures et autres mesures, syst\u00e8me de tra\u00e7abilit\u00e9 totale\",\"publisher\":{\"@id\":\"https:\/\/www.microlide.com\/fr\/#organization\"},\"potentialAction\":[{\"@type\":\"SearchAction\",\"target\":{\"@type\":\"EntryPoint\",\"urlTemplate\":\"https:\/\/www.microlide.com\/fr\/?s={search_term_string}\"},\"query-input\":\"required name=search_term_string\"}],\"inLanguage\":\"fr-FR\"},{\"@type\":\"Organization\",\"@id\":\"https:\/\/www.microlide.com\/fr\/#organization\",\"name\":\"SN Microlide\",\"url\":\"https:\/\/www.microlide.com\/fr\/\",\"logo\":{\"@type\":\"ImageObject\",\"inLanguage\":\"fr-FR\",\"@id\":\"https:\/\/www.microlide.com\/fr\/#\/schema\/logo\/image\/\",\"url\":\"https:\/\/www.microlide.com\/fr\/wp-content\/uploads\/sites\/2\/2026\/03\/cropped-microlide_quadri-scaled-1.jpg\",\"contentUrl\":\"https:\/\/www.microlide.com\/fr\/wp-content\/uploads\/sites\/2\/2026\/03\/cropped-microlide_quadri-scaled-1.jpg\",\"width\":2182,\"height\":410,\"caption\":\"SN Microlide\"},\"image\":{\"@id\":\"https:\/\/www.microlide.com\/fr\/#\/schema\/logo\/image\/\"},\"sameAs\":[\"https:\/\/www.facebook.com\/SNMicrolide\/?locale=fr_FR\",\"https:\/\/fr.linkedin.com\/in\/sn-microlide-6aba01189\"]}]}<\/script>\n<!-- \/ Yoast SEO plugin. -->","yoast_head_json":{"title":"Documentations technique - SN Microlide","robots":{"index":"index","follow":"follow","max-snippet":"max-snippet:-1","max-image-preview":"max-image-preview:large","max-video-preview":"max-video-preview:-1"},"canonical":"https:\/\/www.microlide.com\/fr\/documentations-technique\/","og_locale":"fr_FR","og_type":"article","og_title":"Documentations technique - SN Microlide","og_description":"Documentations techniques Prenez connaissances de nos documents Nos documentations techniques Choisissez une solution pour lister les documentations techniques concern\u00e9es Alerte connexion Vous devez \u00eatre identifi\u00e9 pour acc\u00e8s aux documentations techniques en passant par la page \u00abSe connecter\u00bb. Sinon, vous pouvez \u00e9galement remplir le formulaire de demande \u00e0 la page \u00abNous contacter\u00bb. &times; Ignorer cette alerte. [&hellip;]","og_url":"https:\/\/www.microlide.com\/fr\/documentations-technique\/","og_site_name":"SN Microlide","article_publisher":"https:\/\/www.facebook.com\/SNMicrolide\/?locale=fr_FR","article_modified_time":"2024-09-30T13:42:37+00:00","twitter_card":"summary_large_image","twitter_misc":{"Dur\u00e9e de lecture estim\u00e9e":"1 minute"},"schema":{"@context":"https:\/\/schema.org","@graph":[{"@type":"WebPage","@id":"https:\/\/www.microlide.com\/fr\/documentations-technique\/","url":"https:\/\/www.microlide.com\/fr\/documentations-technique\/","name":"Documentations technique - SN Microlide","isPartOf":{"@id":"https:\/\/www.microlide.com\/fr\/#website"},"datePublished":"2014-09-12T10:24:38+00:00","dateModified":"2024-09-30T13:42:37+00:00","breadcrumb":{"@id":"https:\/\/www.microlide.com\/fr\/documentations-technique\/#breadcrumb"},"inLanguage":"fr-FR","potentialAction":[{"@type":"ReadAction","target":["https:\/\/www.microlide.com\/fr\/documentations-technique\/"]}]},{"@type":"BreadcrumbList","@id":"https:\/\/www.microlide.com\/fr\/documentations-technique\/#breadcrumb","itemListElement":[{"@type":"ListItem","position":1,"name":"Accueil","item":"https:\/\/www.microlide.com\/fr\/"},{"@type":"ListItem","position":2,"name":"Documentations technique"}]},{"@type":"WebSite","@id":"https:\/\/www.microlide.com\/fr\/#website","url":"https:\/\/www.microlide.com\/fr\/","name":"SN Microlide","description":"Fabricant d&#039;enregistreurs de temp\u00e9ratures et autres mesures, syst\u00e8me de tra\u00e7abilit\u00e9 totale","publisher":{"@id":"https:\/\/www.microlide.com\/fr\/#organization"},"potentialAction":[{"@type":"SearchAction","target":{"@type":"EntryPoint","urlTemplate":"https:\/\/www.microlide.com\/fr\/?s={search_term_string}"},"query-input":"required name=search_term_string"}],"inLanguage":"fr-FR"},{"@type":"Organization","@id":"https:\/\/www.microlide.com\/fr\/#organization","name":"SN Microlide","url":"https:\/\/www.microlide.com\/fr\/","logo":{"@type":"ImageObject","inLanguage":"fr-FR","@id":"https:\/\/www.microlide.com\/fr\/#\/schema\/logo\/image\/","url":"https:\/\/www.microlide.com\/fr\/wp-content\/uploads\/sites\/2\/2026\/03\/cropped-microlide_quadri-scaled-1.jpg","contentUrl":"https:\/\/www.microlide.com\/fr\/wp-content\/uploads\/sites\/2\/2026\/03\/cropped-microlide_quadri-scaled-1.jpg","width":2182,"height":410,"caption":"SN Microlide"},"image":{"@id":"https:\/\/www.microlide.com\/fr\/#\/schema\/logo\/image\/"},"sameAs":["https:\/\/www.facebook.com\/SNMicrolide\/?locale=fr_FR","https:\/\/fr.linkedin.com\/in\/sn-microlide-6aba01189"]}]}},"_links":{"self":[{"href":"https:\/\/www.microlide.com\/fr\/wp-json\/wp\/v2\/pages\/114"}],"collection":[{"href":"https:\/\/www.microlide.com\/fr\/wp-json\/wp\/v2\/pages"}],"about":[{"href":"https:\/\/www.microlide.com\/fr\/wp-json\/wp\/v2\/types\/page"}],"author":[{"embeddable":true,"href":"https:\/\/www.microlide.com\/fr\/wp-json\/wp\/v2\/users\/1"}],"replies":[{"embeddable":true,"href":"https:\/\/www.microlide.com\/fr\/wp-json\/wp\/v2\/comments?post=114"}],"version-history":[{"count":68,"href":"https:\/\/www.microlide.com\/fr\/wp-json\/wp\/v2\/pages\/114\/revisions"}],"predecessor-version":[{"id":14517,"href":"https:\/\/www.microlide.com\/fr\/wp-json\/wp\/v2\/pages\/114\/revisions\/14517"}],"wp:attachment":[{"href":"https:\/\/www.microlide.com\/fr\/wp-json\/wp\/v2\/media?parent=114"}],"curies":[{"name":"wp","href":"https:\/\/api.w.org\/{rel}","templated":true}]}}