{"id":1212,"date":"2023-05-26T10:39:24","date_gmt":"2023-05-26T09:39:24","guid":{"rendered":"http:\/\/www.microlide.com\/fr\/?page_id=1212"},"modified":"2024-09-30T14:40:29","modified_gmt":"2024-09-30T13:40:29","slug":"se-connecter","status":"publish","type":"page","link":"https:\/\/www.microlide.com\/fr\/se-connecter\/","title":{"rendered":"Se connecter"},"content":{"rendered":"\t\t<div data-elementor-type=\"wp-page\" data-elementor-id=\"1212\" class=\"elementor elementor-1212\">\n\t\t\t\t\t\t\t\t\t<section class=\"elementor-section elementor-top-section elementor-element elementor-element-bfabafa elementor-section-boxed elementor-section-height-default elementor-section-height-default\" data-id=\"bfabafa\" data-element_type=\"section\" data-settings=\"{&quot;background_background&quot;:&quot;classic&quot;}\">\n\t\t\t\t\t\t<div class=\"elementor-container elementor-column-gap-default\">\n\t\t\t\t\t<div class=\"elementor-column elementor-col-100 elementor-top-column elementor-element elementor-element-fe13f29\" data-id=\"fe13f29\" data-element_type=\"column\">\n\t\t\t<div class=\"elementor-widget-wrap elementor-element-populated\">\n\t\t\t\t\t\t\t\t<div class=\"elementor-element elementor-element-bceb8bf elementor-widget elementor-widget-heading\" data-id=\"bceb8bf\" data-element_type=\"widget\" data-widget_type=\"heading.default\">\n\t\t\t\t<div class=\"elementor-widget-container\">\n\t\t\t<style>\/*! elementor - v3.15.0 - 02-08-2023 *\/\n.elementor-heading-title{padding:0;margin:0;line-height:1}.elementor-widget-heading .elementor-heading-title[class*=elementor-size-]>a{color:inherit;font-size:inherit;line-height:inherit}.elementor-widget-heading .elementor-heading-title.elementor-size-small{font-size:15px}.elementor-widget-heading .elementor-heading-title.elementor-size-medium{font-size:19px}.elementor-widget-heading .elementor-heading-title.elementor-size-large{font-size:29px}.elementor-widget-heading .elementor-heading-title.elementor-size-xl{font-size:39px}.elementor-widget-heading .elementor-heading-title.elementor-size-xxl{font-size:59px}<\/style><h2 class=\"elementor-heading-title elementor-size-default\">Espace membre<\/h2>\t\t<\/div>\n\t\t\t\t<\/div>\n\t\t\t\t<div class=\"elementor-element elementor-element-bdc0d7f elementor-widget elementor-widget-heading\" data-id=\"bdc0d7f\" data-element_type=\"widget\" data-widget_type=\"heading.default\">\n\t\t\t\t<div class=\"elementor-widget-container\">\n\t\t\t<h3 class=\"elementor-heading-title elementor-size-default\">Connectez-vous \u00e0 votre espace<\/h3>\t\t<\/div>\n\t\t\t\t<\/div>\n\t\t\t\t\t<\/div>\n\t\t<\/div>\n\t\t\t\t\t\t\t<\/div>\n\t\t<\/section>\n\t\t\t\t<section class=\"elementor-section elementor-top-section elementor-element elementor-element-bbace17 elementor-section-boxed elementor-section-height-default elementor-section-height-default\" data-id=\"bbace17\" data-element_type=\"section\">\n\t\t\t\t\t\t<div class=\"elementor-container elementor-column-gap-default\">\n\t\t\t\t\t<div class=\"elementor-column elementor-col-100 elementor-top-column elementor-element elementor-element-468554eb\" data-id=\"468554eb\" data-element_type=\"column\">\n\t\t\t<div class=\"elementor-widget-wrap elementor-element-populated\">\n\t\t\t\t\t\t\t\t<div class=\"elementor-element elementor-element-10444e1 elementor-widget elementor-widget-shortcode\" data-id=\"10444e1\" data-element_type=\"widget\" data-widget_type=\"shortcode.default\">\n\t\t\t\t<div class=\"elementor-widget-container\">\n\t\t\t\t\t<div class=\"elementor-shortcode\">\r\n<div class=\"login-form\">\r\n    <form action=\"\" method=\"POST\">\r\n        <input type=\"hidden\" name=\"action\" value=\"microlide_iminilide_login\" \/>\r\n        <div class=\"content\">\r\n                    <div class=\"input-field\">\r\n                <input type=\"email\" placeholder=\"E-mail\" autocomplete=\"nope\" name=\"email\">\r\n            <\/div>\r\n            <div class=\"input-field\">\r\n                <label style=\"display: flex; align-items: center;\">\r\n                    <input type=\"password\" placeholder=\"Mot de passe\" autocomplete=\"new-password\" name=\"mdp\">\r\n                    <div class=\"password-icon\">\r\n                        <i data-feather=\"eye\" style =\"display: none;\"><\/i>\r\n                        <i data-feather=\"eye-off\"><\/i>\r\n                    <\/div>\r\n                <\/label>\r\n                (<a href=\"mot-de-passe-oublie\" class=\"small-link\">Red\u00e9finir mon mot de passe<\/a>)\r\n            <\/div>\r\n                &nbsp;\r\n            <div style='display: flex;'>\r\n                <div class=\"action\" style=\"width: 50%;\">\r\n                    <button type=\"button\" onclick=\"window.location.href = 'creer-un-compte-microlide';\">S'inscrire<\/button>\r\n                <\/div>\r\n                <div class=\"action\" style=\"width: 50%;\">\r\n                    <button type=\"submit\">Se connecter<\/button>\r\n                <\/div>\r\n            <\/div>\r\n        <\/div>\r\n    <\/form>\r\n<\/div>\r\n\r\n<script src=\"https:\/\/unpkg.com\/feather-icons\"><\/script>\r\n<script>\r\n    feather.replace();\r\n<\/script>\r\n<script>\r\n    const eye = document.querySelector(\".feather-eye\");\r\n    const eyeoff = document.querySelector(\".feather-eye-off\");\r\n    const passwordField = document.querySelector(\"input[type=password]\");\r\n\r\n    eye.addEventListener(\"click\", () => {\r\n        eye.style.display = \"none\";\r\n        eyeoff.style.display = \"block\";\r\n\r\n        passwordField.type = \"password\";\r\n    });\r\n\r\n    eyeoff.addEventListener(\"click\", () => {\r\n        eyeoff.style.display = \"none\";\r\n        eye.style.display = \"block\";\r\n\r\n        passwordField.type = \"text\";\r\n    });\r\n<\/script><\/div>\n\t\t\t\t<\/div>\n\t\t\t\t<\/div>\n\t\t\t\t\t<\/div>\n\t\t<\/div>\n\t\t\t\t\t\t\t<\/div>\n\t\t<\/section>\n\t\t\t\t<section class=\"elementor-section elementor-top-section elementor-element elementor-element-accca0f elementor-section-boxed elementor-section-height-default elementor-section-height-default\" data-id=\"accca0f\" data-element_type=\"section\" data-settings=\"{&quot;background_background&quot;:&quot;classic&quot;}\">\n\t\t\t\t\t\t<div class=\"elementor-container elementor-column-gap-default\">\n\t\t\t\t\t<div class=\"elementor-column elementor-col-100 elementor-top-column elementor-element elementor-element-f78d684\" data-id=\"f78d684\" data-element_type=\"column\">\n\t\t\t<div class=\"elementor-widget-wrap elementor-element-populated\">\n\t\t\t\t\t\t\t\t<div class=\"elementor-element elementor-element-9dbfd18 elementor-widget elementor-widget-heading\" data-id=\"9dbfd18\" data-element_type=\"widget\" data-widget_type=\"heading.default\">\n\t\t\t\t<div class=\"elementor-widget-container\">\n\t\t\t<h2 class=\"elementor-heading-title elementor-size-default\">Restons en contact<\/h2>\t\t<\/div>\n\t\t\t\t<\/div>\n\t\t\t\t<div class=\"elementor-element elementor-element-86ea47d elementor-widget elementor-widget-heading\" data-id=\"86ea47d\" data-element_type=\"widget\" data-widget_type=\"heading.default\">\n\t\t\t\t<div class=\"elementor-widget-container\">\n\t\t\t<h3 class=\"elementor-heading-title elementor-size-default\">Recevez notre newsletter une fois par mois en vous inscrivant !<\/h3>\t\t<\/div>\n\t\t\t\t<\/div>\n\t\t\t\t<div class=\"elementor-element elementor-element-a96a1b6 elementor-hidden-desktop elementor-hidden-tablet elementor-hidden-mobile elementor-widget elementor-widget-text-editor\" data-id=\"a96a1b6\" data-element_type=\"widget\" data-widget_type=\"text-editor.default\">\n\t\t\t\t<div class=\"elementor-widget-container\">\n\t\t\t<style>\/*! elementor - v3.15.0 - 02-08-2023 *\/\n.elementor-widget-text-editor.elementor-drop-cap-view-stacked .elementor-drop-cap{background-color:#69727d;color:#fff}.elementor-widget-text-editor.elementor-drop-cap-view-framed .elementor-drop-cap{color:#69727d;border:3px solid;background-color:transparent}.elementor-widget-text-editor:not(.elementor-drop-cap-view-default) .elementor-drop-cap{margin-top:8px}.elementor-widget-text-editor:not(.elementor-drop-cap-view-default) .elementor-drop-cap-letter{width:1em;height:1em}.elementor-widget-text-editor .elementor-drop-cap{float:left;text-align:center;line-height:1;font-size:50px}.elementor-widget-text-editor .elementor-drop-cap-letter{display:inline-block}<\/style>\t\t\t\t<p>Retrouvez nos derni\u00e8res actualit\u00e9s une fois par mois en vous inscrivant \u00e0 notre newsletter !<\/p>\t\t\t\t\t\t<\/div>\n\t\t\t\t<\/div>\n\t\t\t\t<div class=\"elementor-element elementor-element-0cb6164 elementor-widget elementor-widget-shortcode\" data-id=\"0cb6164\" data-element_type=\"widget\" data-widget_type=\"shortcode.default\">\n\t\t\t\t<div class=\"elementor-widget-container\">\n\t\t\t\t\t<div class=\"elementor-shortcode\"><div class=\"ml-embedded\" data-form=\"vThbh5\"><\/div> <\/div>\n\t\t\t\t<\/div>\n\t\t\t\t<\/div>\n\t\t\t\t\t<\/div>\n\t\t<\/div>\n\t\t\t\t\t\t\t<\/div>\n\t\t<\/section>\n\t\t\t\t\t\t\t<\/div>\n\t\t","protected":false},"excerpt":{"rendered":"<p>Espace membre Connectez-vous \u00e0 votre espace Restons en contact Recevez notre newsletter une fois par mois en vous inscrivant ! Retrouvez nos derni\u00e8res actualit\u00e9s une fois par mois en vous inscrivant \u00e0 notre newsletter !<\/p>\n","protected":false},"author":4,"featured_media":0,"parent":0,"menu_order":0,"comment_status":"closed","ping_status":"closed","template":"elementor_header_footer","meta":[],"yoast_head":"<!-- This site is optimized with the Yoast SEO plugin v20.12 - https:\/\/yoast.com\/wordpress\/plugins\/seo\/ -->\n<title>Se connecter - SN Microlide<\/title>\n<meta name=\"robots\" content=\"index, follow, max-snippet:-1, max-image-preview:large, max-video-preview:-1\" \/>\n<link rel=\"canonical\" href=\"https:\/\/www.microlide.com\/fr\/se-connecter\/\" \/>\n<meta property=\"og:locale\" content=\"fr_FR\" \/>\n<meta property=\"og:type\" content=\"article\" \/>\n<meta property=\"og:title\" content=\"Se connecter - SN Microlide\" \/>\n<meta property=\"og:description\" content=\"Espace membre Connectez-vous \u00e0 votre espace Restons en contact Recevez notre newsletter une fois par mois en vous inscrivant ! Retrouvez nos derni\u00e8res actualit\u00e9s une fois par mois en vous inscrivant \u00e0 notre newsletter !\" \/>\n<meta property=\"og:url\" content=\"https:\/\/www.microlide.com\/fr\/se-connecter\/\" \/>\n<meta property=\"og:site_name\" content=\"SN Microlide\" \/>\n<meta property=\"article:publisher\" content=\"https:\/\/www.facebook.com\/SNMicrolide\/?locale=fr_FR\" \/>\n<meta property=\"article:modified_time\" content=\"2024-09-30T13:40:29+00:00\" \/>\n<meta name=\"twitter:card\" content=\"summary_large_image\" \/>\n<meta name=\"twitter:label1\" content=\"Dur\u00e9e de lecture estim\u00e9e\" \/>\n\t<meta name=\"twitter:data1\" content=\"1 minute\" \/>\n<script type=\"application\/ld+json\" class=\"yoast-schema-graph\">{\"@context\":\"https:\/\/schema.org\",\"@graph\":[{\"@type\":\"WebPage\",\"@id\":\"https:\/\/www.microlide.com\/fr\/se-connecter\/\",\"url\":\"https:\/\/www.microlide.com\/fr\/se-connecter\/\",\"name\":\"Se connecter - SN Microlide\",\"isPartOf\":{\"@id\":\"https:\/\/www.microlide.com\/fr\/#website\"},\"datePublished\":\"2023-05-26T09:39:24+00:00\",\"dateModified\":\"2024-09-30T13:40:29+00:00\",\"breadcrumb\":{\"@id\":\"https:\/\/www.microlide.com\/fr\/se-connecter\/#breadcrumb\"},\"inLanguage\":\"fr-FR\",\"potentialAction\":[{\"@type\":\"ReadAction\",\"target\":[\"https:\/\/www.microlide.com\/fr\/se-connecter\/\"]}]},{\"@type\":\"BreadcrumbList\",\"@id\":\"https:\/\/www.microlide.com\/fr\/se-connecter\/#breadcrumb\",\"itemListElement\":[{\"@type\":\"ListItem\",\"position\":1,\"name\":\"Accueil\",\"item\":\"https:\/\/www.microlide.com\/fr\/\"},{\"@type\":\"ListItem\",\"position\":2,\"name\":\"Se connecter\"}]},{\"@type\":\"WebSite\",\"@id\":\"https:\/\/www.microlide.com\/fr\/#website\",\"url\":\"https:\/\/www.microlide.com\/fr\/\",\"name\":\"SN Microlide\",\"description\":\"Fabricant d&#039;enregistreurs de temp\u00e9ratures et autres mesures, syst\u00e8me de tra\u00e7abilit\u00e9 totale\",\"publisher\":{\"@id\":\"https:\/\/www.microlide.com\/fr\/#organization\"},\"potentialAction\":[{\"@type\":\"SearchAction\",\"target\":{\"@type\":\"EntryPoint\",\"urlTemplate\":\"https:\/\/www.microlide.com\/fr\/?s={search_term_string}\"},\"query-input\":\"required name=search_term_string\"}],\"inLanguage\":\"fr-FR\"},{\"@type\":\"Organization\",\"@id\":\"https:\/\/www.microlide.com\/fr\/#organization\",\"name\":\"SN Microlide\",\"url\":\"https:\/\/www.microlide.com\/fr\/\",\"logo\":{\"@type\":\"ImageObject\",\"inLanguage\":\"fr-FR\",\"@id\":\"https:\/\/www.microlide.com\/fr\/#\/schema\/logo\/image\/\",\"url\":\"https:\/\/www.microlide.com\/fr\/wp-content\/uploads\/sites\/2\/2026\/03\/cropped-microlide_quadri-scaled-1.jpg\",\"contentUrl\":\"https:\/\/www.microlide.com\/fr\/wp-content\/uploads\/sites\/2\/2026\/03\/cropped-microlide_quadri-scaled-1.jpg\",\"width\":2182,\"height\":410,\"caption\":\"SN Microlide\"},\"image\":{\"@id\":\"https:\/\/www.microlide.com\/fr\/#\/schema\/logo\/image\/\"},\"sameAs\":[\"https:\/\/www.facebook.com\/SNMicrolide\/?locale=fr_FR\",\"https:\/\/fr.linkedin.com\/in\/sn-microlide-6aba01189\"]}]}<\/script>\n<!-- \/ Yoast SEO plugin. -->","yoast_head_json":{"title":"Se connecter - SN Microlide","robots":{"index":"index","follow":"follow","max-snippet":"max-snippet:-1","max-image-preview":"max-image-preview:large","max-video-preview":"max-video-preview:-1"},"canonical":"https:\/\/www.microlide.com\/fr\/se-connecter\/","og_locale":"fr_FR","og_type":"article","og_title":"Se connecter - SN Microlide","og_description":"Espace membre Connectez-vous \u00e0 votre espace Restons en contact Recevez notre newsletter une fois par mois en vous inscrivant ! Retrouvez nos derni\u00e8res actualit\u00e9s une fois par mois en vous inscrivant \u00e0 notre newsletter !","og_url":"https:\/\/www.microlide.com\/fr\/se-connecter\/","og_site_name":"SN Microlide","article_publisher":"https:\/\/www.facebook.com\/SNMicrolide\/?locale=fr_FR","article_modified_time":"2024-09-30T13:40:29+00:00","twitter_card":"summary_large_image","twitter_misc":{"Dur\u00e9e de lecture estim\u00e9e":"1 minute"},"schema":{"@context":"https:\/\/schema.org","@graph":[{"@type":"WebPage","@id":"https:\/\/www.microlide.com\/fr\/se-connecter\/","url":"https:\/\/www.microlide.com\/fr\/se-connecter\/","name":"Se connecter - SN Microlide","isPartOf":{"@id":"https:\/\/www.microlide.com\/fr\/#website"},"datePublished":"2023-05-26T09:39:24+00:00","dateModified":"2024-09-30T13:40:29+00:00","breadcrumb":{"@id":"https:\/\/www.microlide.com\/fr\/se-connecter\/#breadcrumb"},"inLanguage":"fr-FR","potentialAction":[{"@type":"ReadAction","target":["https:\/\/www.microlide.com\/fr\/se-connecter\/"]}]},{"@type":"BreadcrumbList","@id":"https:\/\/www.microlide.com\/fr\/se-connecter\/#breadcrumb","itemListElement":[{"@type":"ListItem","position":1,"name":"Accueil","item":"https:\/\/www.microlide.com\/fr\/"},{"@type":"ListItem","position":2,"name":"Se connecter"}]},{"@type":"WebSite","@id":"https:\/\/www.microlide.com\/fr\/#website","url":"https:\/\/www.microlide.com\/fr\/","name":"SN Microlide","description":"Fabricant d&#039;enregistreurs de temp\u00e9ratures et autres mesures, syst\u00e8me de tra\u00e7abilit\u00e9 totale","publisher":{"@id":"https:\/\/www.microlide.com\/fr\/#organization"},"potentialAction":[{"@type":"SearchAction","target":{"@type":"EntryPoint","urlTemplate":"https:\/\/www.microlide.com\/fr\/?s={search_term_string}"},"query-input":"required name=search_term_string"}],"inLanguage":"fr-FR"},{"@type":"Organization","@id":"https:\/\/www.microlide.com\/fr\/#organization","name":"SN Microlide","url":"https:\/\/www.microlide.com\/fr\/","logo":{"@type":"ImageObject","inLanguage":"fr-FR","@id":"https:\/\/www.microlide.com\/fr\/#\/schema\/logo\/image\/","url":"https:\/\/www.microlide.com\/fr\/wp-content\/uploads\/sites\/2\/2026\/03\/cropped-microlide_quadri-scaled-1.jpg","contentUrl":"https:\/\/www.microlide.com\/fr\/wp-content\/uploads\/sites\/2\/2026\/03\/cropped-microlide_quadri-scaled-1.jpg","width":2182,"height":410,"caption":"SN Microlide"},"image":{"@id":"https:\/\/www.microlide.com\/fr\/#\/schema\/logo\/image\/"},"sameAs":["https:\/\/www.facebook.com\/SNMicrolide\/?locale=fr_FR","https:\/\/fr.linkedin.com\/in\/sn-microlide-6aba01189"]}]}},"_links":{"self":[{"href":"https:\/\/www.microlide.com\/fr\/wp-json\/wp\/v2\/pages\/1212"}],"collection":[{"href":"https:\/\/www.microlide.com\/fr\/wp-json\/wp\/v2\/pages"}],"about":[{"href":"https:\/\/www.microlide.com\/fr\/wp-json\/wp\/v2\/types\/page"}],"author":[{"embeddable":true,"href":"https:\/\/www.microlide.com\/fr\/wp-json\/wp\/v2\/users\/4"}],"replies":[{"embeddable":true,"href":"https:\/\/www.microlide.com\/fr\/wp-json\/wp\/v2\/comments?post=1212"}],"version-history":[{"count":41,"href":"https:\/\/www.microlide.com\/fr\/wp-json\/wp\/v2\/pages\/1212\/revisions"}],"predecessor-version":[{"id":14508,"href":"https:\/\/www.microlide.com\/fr\/wp-json\/wp\/v2\/pages\/1212\/revisions\/14508"}],"wp:attachment":[{"href":"https:\/\/www.microlide.com\/fr\/wp-json\/wp\/v2\/media?parent=1212"}],"curies":[{"name":"wp","href":"https:\/\/api.w.org\/{rel}","templated":true}]}}