{"id":2413,"date":"2023-06-02T14:01:11","date_gmt":"2023-06-02T13:01:11","guid":{"rendered":"http:\/\/www.microlide.com\/fr\/?page_id=2413"},"modified":"2023-07-21T08:14:05","modified_gmt":"2023-07-21T07:14:05","slug":"connecter-iminilide","status":"publish","type":"page","link":"https:\/\/www.microlide.com\/fr\/connecter-iminilide\/","title":{"rendered":"&#8211; Connecter iMINILide"},"content":{"rendered":"\t\t<div data-elementor-type=\"wp-page\" data-elementor-id=\"2413\" class=\"elementor elementor-2413\">\n\t\t\t\t\t\t\t\t\t<section class=\"elementor-section elementor-top-section elementor-element elementor-element-e3937d1 elementor-section-boxed elementor-section-height-default elementor-section-height-default\" data-id=\"e3937d1\" data-element_type=\"section\" data-settings=\"{&quot;background_background&quot;:&quot;classic&quot;}\">\n\t\t\t\t\t\t<div class=\"elementor-container elementor-column-gap-default\">\n\t\t\t\t\t<div class=\"elementor-column elementor-col-100 elementor-top-column elementor-element elementor-element-6ec6eed\" data-id=\"6ec6eed\" data-element_type=\"column\">\n\t\t\t<div class=\"elementor-widget-wrap elementor-element-populated\">\n\t\t\t\t\t\t\t\t<div class=\"elementor-element elementor-element-a8f00e4 elementor-widget elementor-widget-heading\" data-id=\"a8f00e4\" data-element_type=\"widget\" data-widget_type=\"heading.default\">\n\t\t\t\t<div class=\"elementor-widget-container\">\n\t\t\t<style>\/*! elementor - v3.15.0 - 02-08-2023 *\/\n.elementor-heading-title{padding:0;margin:0;line-height:1}.elementor-widget-heading .elementor-heading-title[class*=elementor-size-]>a{color:inherit;font-size:inherit;line-height:inherit}.elementor-widget-heading .elementor-heading-title.elementor-size-small{font-size:15px}.elementor-widget-heading .elementor-heading-title.elementor-size-medium{font-size:19px}.elementor-widget-heading .elementor-heading-title.elementor-size-large{font-size:29px}.elementor-widget-heading .elementor-heading-title.elementor-size-xl{font-size:39px}.elementor-widget-heading .elementor-heading-title.elementor-size-xxl{font-size:59px}<\/style><h2 class=\"elementor-heading-title elementor-size-default\">FAQ i-MINILide<\/h2>\t\t<\/div>\n\t\t\t\t<\/div>\n\t\t\t\t<div class=\"elementor-element elementor-element-b61e5ce elementor-widget elementor-widget-heading\" data-id=\"b61e5ce\" data-element_type=\"widget\" data-widget_type=\"heading.default\">\n\t\t\t\t<div class=\"elementor-widget-container\">\n\t\t\t<h3 class=\"elementor-heading-title elementor-size-default\">R\u00e9seau informatique et internet<\/h3>\t\t<\/div>\n\t\t\t\t<\/div>\n\t\t\t\t\t<\/div>\n\t\t<\/div>\n\t\t\t\t\t\t\t<\/div>\n\t\t<\/section>\n\t\t\t\t<section class=\"elementor-section elementor-top-section elementor-element elementor-element-29a25cb elementor-section-boxed elementor-section-height-default elementor-section-height-default\" data-id=\"29a25cb\" data-element_type=\"section\" data-settings=\"{&quot;background_background&quot;:&quot;classic&quot;}\">\n\t\t\t\t\t\t<div class=\"elementor-container elementor-column-gap-default\">\n\t\t\t\t\t<div class=\"elementor-column elementor-col-100 elementor-top-column elementor-element elementor-element-192c6cc\" data-id=\"192c6cc\" data-element_type=\"column\">\n\t\t\t<div class=\"elementor-widget-wrap elementor-element-populated\">\n\t\t\t\t\t\t\t\t<div class=\"elementor-element elementor-element-b8e3af1 elementor-widget elementor-widget-heading\" data-id=\"b8e3af1\" data-element_type=\"widget\" data-widget_type=\"heading.default\">\n\t\t\t\t<div class=\"elementor-widget-container\">\n\t\t\t<h2 class=\"elementor-heading-title elementor-size-default\">Comment connecter le iMINILide sur un r\u00e9seau informatique et sur internet ?<\/h2>\t\t<\/div>\n\t\t\t\t<\/div>\n\t\t\t\t<div class=\"elementor-element elementor-element-d9ba3ef elementor-widget elementor-widget-heading\" data-id=\"d9ba3ef\" data-element_type=\"widget\" data-widget_type=\"heading.default\">\n\t\t\t\t<div class=\"elementor-widget-container\">\n\t\t\t<h3 class=\"elementor-heading-title elementor-size-default\">Concernant le syst\u00e8me i-MINILide<\/h3>\t\t<\/div>\n\t\t\t\t<\/div>\n\t\t\t\t\t<\/div>\n\t\t<\/div>\n\t\t\t\t\t\t\t<\/div>\n\t\t<\/section>\n\t\t\t\t<section class=\"elementor-section elementor-top-section elementor-element elementor-element-38ff4fc elementor-section-boxed elementor-section-height-default elementor-section-height-default\" data-id=\"38ff4fc\" data-element_type=\"section\">\n\t\t\t\t\t\t<div class=\"elementor-container elementor-column-gap-default\">\n\t\t\t\t\t<div class=\"elementor-column elementor-col-100 elementor-top-column elementor-element elementor-element-623b60b\" data-id=\"623b60b\" data-element_type=\"column\">\n\t\t\t<div class=\"elementor-widget-wrap elementor-element-populated\">\n\t\t\t\t\t\t\t\t<div class=\"elementor-element elementor-element-d523480 elementor-widget elementor-widget-text-editor\" data-id=\"d523480\" data-element_type=\"widget\" data-widget_type=\"text-editor.default\">\n\t\t\t\t<div class=\"elementor-widget-container\">\n\t\t\t<style>\/*! elementor - v3.15.0 - 02-08-2023 *\/\n.elementor-widget-text-editor.elementor-drop-cap-view-stacked .elementor-drop-cap{background-color:#69727d;color:#fff}.elementor-widget-text-editor.elementor-drop-cap-view-framed .elementor-drop-cap{color:#69727d;border:3px solid;background-color:transparent}.elementor-widget-text-editor:not(.elementor-drop-cap-view-default) .elementor-drop-cap{margin-top:8px}.elementor-widget-text-editor:not(.elementor-drop-cap-view-default) .elementor-drop-cap-letter{width:1em;height:1em}.elementor-widget-text-editor .elementor-drop-cap{float:left;text-align:center;line-height:1;font-size:50px}.elementor-widget-text-editor .elementor-drop-cap-letter{display:inline-block}<\/style>\t\t\t\t<p>Le\u00a0<strong>i-MINILide<\/strong>\u00a0se connecte au r\u00e9seau informatique via une prise RJ45 standard. Le c\u00e2ble peut \u00eatre droit ou crois\u00e9. Une fois connect\u00e9es, les leds plac\u00e9es sur le connecteur RJ45 doivent clignoter.<\/p><p>Par d\u00e9faut, le\u00a0<strong>i-MINILide<\/strong>\u00a0est configur\u00e9 en mode DHCP. Cela veut dire que lorsqu\u2019il est branch\u00e9 sur un r\u00e9seau informatique, il est capable de r\u00e9cup\u00e9rer automatiquement des adresses r\u00e9seaux que lui attribue un serveur ou une box internet classique. C\u2019est le cas le plus simple, si le serveur ou la box internet classique n\u2019a pas de restriction particuli\u00e8re, le\u00a0<strong>i-MINILide<\/strong>\u00a0aura imm\u00e9diatement acc\u00e8s au r\u00e9seau informatique ainsi qu\u2019\u00e0 internet.<\/p><p>Dans un cas plus sp\u00e9cifique o\u00f9 il n\u2019y a pas de DHCP, il est n\u00e9cessaire de configurer manuellement ses adresses r\u00e9seaux via l\u2019onglet Config en haut \u00e0 droite de l\u2019\u00e9cran principal du\u00a0i-MINILide, puis en cliquant sur le bouton R\u00e9seau. Sur cette page, il faut d\u00e9cocher Mode DHCP Actif en haut, et renseigner chaque champ selon la configuration du r\u00e9seau informatique. Tous les champs sont importants pour l\u2019acc\u00e8s au r\u00e9seau, y compris les champs DNS et Gateway qui permettent l\u2019acc\u00e8s \u00e0 internet. Dans ce cas, il peut \u00eatre n\u00e9cessaire d\u2019avoir recours \u00e0 un responsable r\u00e9seau ou informatique s\u2019occupant du r\u00e9seau.<\/p><p><span style=\"text-decoration: underline;\">Pour l\u2019acc\u00e8s internet :<\/span>\u00a0Dans les cas des r\u00e9seaux informatiques prot\u00e9g\u00e9s par des pare-feu ou des r\u00e8gles de routage, voici les adresses et protocoles que le\u00a0<strong>i-MINILide<\/strong>\u00a0utilise : A d\u00e9bloquer ( service informatique)<\/p><p>\u2022\u00a0<span style=\"text-decoration: underline;\">Serveur SMTP<\/span>\u00a0<a href=\"http:\/\/smtp.msa.orange-business.com\/\" target=\"_blank\" rel=\"noopener\" data-saferedirecturl=\"https:\/\/www.google.com\/url?q=http:\/\/smtp.msa.orange-business.com&amp;source=gmail&amp;ust=1685797573897000&amp;usg=AOvVaw2aKb4UGLQShLvjBAmri6Ee\">smtp.msa.orange-business.<wbr \/>com<\/a>\u00a0et\/ou\u00a0<a href=\"http:\/\/smtp.iminilide.com\/\" target=\"_blank\" rel=\"noopener\" data-saferedirecturl=\"https:\/\/www.google.com\/url?q=http:\/\/smtp.iminilide.com&amp;source=gmail&amp;ust=1685797573897000&amp;usg=AOvVaw2gp48hfA6ckBOWLnoXXrK6\">smtp.iminilide.com<\/a>\u00a0protocole TCP port 587 pour l\u2019envoi des mails d\u2019alarme. Protocole : SMTP.<\/p><p>\u2022\u00a0<span style=\"text-decoration: underline;\">Serveur WEB<\/span>\u00a0<a href=\"http:\/\/iminilide.microlide.com\/\" target=\"_blank\" rel=\"noopener\" data-saferedirecturl=\"https:\/\/www.google.com\/url?q=http:\/\/iminilide.microlide.com&amp;source=gmail&amp;ust=1685797573897000&amp;usg=AOvVaw0-urEScKVERKrDBTbAkTRk\">iminilide.microlide.com<\/a>\u00a0protocole TCP port 80 pour l\u2019envoi des mesures sur le site internet d\u00e9di\u00e9.Prootocoe utilis\u00e9 : http, contenu XML<\/p><p><span style=\"text-decoration: underline;\">TEST :<\/span>\u00a0Il est possible de v\u00e9rifier la connexion internet via l\u2019onglet Config en haut \u00e0 droite de l\u2019\u00e9cran principal du\u00a0<strong>i-MINILide<\/strong>, cliquez sur le bouton R\u00e9seau, et ensuite le bouton Ping Serveur. Le message ACCES SERVEUR MICROLIDE OK doit appara\u00eetre, prouvant que le\u00a0<strong>i-Minilide<\/strong>\u00a0a acc\u00e8s \u00e0 internet. Si ce n\u2019est pas le cas, le\u00a0<strong>i-MINILide<\/strong>\u00a0n\u2019a pas acc\u00e8s \u00e0 internet.<\/p>\t\t\t\t\t\t<\/div>\n\t\t\t\t<\/div>\n\t\t\t\t\t<\/div>\n\t\t<\/div>\n\t\t\t\t\t\t\t<\/div>\n\t\t<\/section>\n\t\t\t\t<section class=\"elementor-section elementor-top-section elementor-element elementor-element-93d1cba elementor-section-boxed elementor-section-height-default elementor-section-height-default\" data-id=\"93d1cba\" data-element_type=\"section\" data-settings=\"{&quot;background_background&quot;:&quot;classic&quot;}\">\n\t\t\t\t\t\t<div class=\"elementor-container elementor-column-gap-default\">\n\t\t\t\t\t<div class=\"elementor-column elementor-col-100 elementor-top-column elementor-element elementor-element-47dc3eb\" data-id=\"47dc3eb\" data-element_type=\"column\">\n\t\t\t<div class=\"elementor-widget-wrap elementor-element-populated\">\n\t\t\t\t\t\t\t\t<div class=\"elementor-element elementor-element-0dc2e9b elementor-widget elementor-widget-heading\" data-id=\"0dc2e9b\" data-element_type=\"widget\" data-widget_type=\"heading.default\">\n\t\t\t\t<div class=\"elementor-widget-container\">\n\t\t\t<h2 class=\"elementor-heading-title elementor-size-default\">Besoin d'aide ?<\/h2>\t\t<\/div>\n\t\t\t\t<\/div>\n\t\t\t\t<div class=\"elementor-element elementor-element-aaf38bc elementor-widget elementor-widget-heading\" data-id=\"aaf38bc\" data-element_type=\"widget\" data-widget_type=\"heading.default\">\n\t\t\t\t<div class=\"elementor-widget-container\">\n\t\t\t<h3 class=\"elementor-heading-title elementor-size-default\">Trouvez tous nos renseignements directement sur notre page support<\/h3>\t\t<\/div>\n\t\t\t\t<\/div>\n\t\t\t\t<div class=\"elementor-element elementor-element-4e94bfd elementor-align-center elementor-widget elementor-widget-button\" data-id=\"4e94bfd\" data-element_type=\"widget\" data-widget_type=\"button.default\">\n\t\t\t\t<div class=\"elementor-widget-container\">\n\t\t\t\t\t<div class=\"elementor-button-wrapper\">\n\t\t\t<a class=\"elementor-button elementor-button-link elementor-size-sm\" href=\"https:\/\/www.microlide.com\/fr\/support\/\">\n\t\t\t\t\t\t<span class=\"elementor-button-content-wrapper\">\n\t\t\t\t\t\t<span class=\"elementor-button-text\">J\u2019ai besoin d\u2019aide<\/span>\n\t\t<\/span>\n\t\t\t\t\t<\/a>\n\t\t<\/div>\n\t\t\t\t<\/div>\n\t\t\t\t<\/div>\n\t\t\t\t\t<\/div>\n\t\t<\/div>\n\t\t\t\t\t\t\t<\/div>\n\t\t<\/section>\n\t\t\t\t\t\t\t<\/div>\n\t\t","protected":false},"excerpt":{"rendered":"<p>FAQ i-MINILide R\u00e9seau informatique et internet Comment connecter le iMINILide sur un r\u00e9seau informatique et sur internet ? Concernant le syst\u00e8me i-MINILide Le\u00a0i-MINILide\u00a0se connecte au r\u00e9seau informatique via une prise RJ45 standard. Le c\u00e2ble peut \u00eatre droit ou crois\u00e9. Une fois connect\u00e9es, les leds plac\u00e9es sur le connecteur RJ45 doivent clignoter. Par d\u00e9faut, le\u00a0i-MINILide\u00a0est configur\u00e9 [&hellip;]<\/p>\n","protected":false},"author":4,"featured_media":0,"parent":0,"menu_order":0,"comment_status":"closed","ping_status":"closed","template":"elementor_header_footer","meta":[],"yoast_head":"<!-- This site is optimized with the Yoast SEO plugin v20.12 - https:\/\/yoast.com\/wordpress\/plugins\/seo\/ -->\n<title>- Connecter iMINILide - SN Microlide<\/title>\n<meta name=\"robots\" content=\"index, follow, max-snippet:-1, max-image-preview:large, max-video-preview:-1\" \/>\n<link rel=\"canonical\" href=\"https:\/\/www.microlide.com\/fr\/connecter-iminilide\/\" \/>\n<meta property=\"og:locale\" content=\"fr_FR\" \/>\n<meta property=\"og:type\" content=\"article\" \/>\n<meta property=\"og:title\" content=\"- Connecter iMINILide - SN Microlide\" \/>\n<meta property=\"og:description\" content=\"FAQ i-MINILide R\u00e9seau informatique et internet Comment connecter le iMINILide sur un r\u00e9seau informatique et sur internet ? Concernant le syst\u00e8me i-MINILide Le\u00a0i-MINILide\u00a0se connecte au r\u00e9seau informatique via une prise RJ45 standard. Le c\u00e2ble peut \u00eatre droit ou crois\u00e9. Une fois connect\u00e9es, les leds plac\u00e9es sur le connecteur RJ45 doivent clignoter. Par d\u00e9faut, le\u00a0i-MINILide\u00a0est configur\u00e9 [&hellip;]\" \/>\n<meta property=\"og:url\" content=\"https:\/\/www.microlide.com\/fr\/connecter-iminilide\/\" \/>\n<meta property=\"og:site_name\" content=\"SN Microlide\" \/>\n<meta property=\"article:publisher\" content=\"https:\/\/www.facebook.com\/SNMicrolide\/?locale=fr_FR\" \/>\n<meta property=\"article:modified_time\" content=\"2023-07-21T07:14:05+00:00\" \/>\n<meta name=\"twitter:card\" content=\"summary_large_image\" \/>\n<meta name=\"twitter:label1\" content=\"Dur\u00e9e de lecture estim\u00e9e\" \/>\n\t<meta name=\"twitter:data1\" content=\"2 minutes\" \/>\n<script type=\"application\/ld+json\" class=\"yoast-schema-graph\">{\"@context\":\"https:\/\/schema.org\",\"@graph\":[{\"@type\":\"WebPage\",\"@id\":\"https:\/\/www.microlide.com\/fr\/connecter-iminilide\/\",\"url\":\"https:\/\/www.microlide.com\/fr\/connecter-iminilide\/\",\"name\":\"- Connecter iMINILide - SN Microlide\",\"isPartOf\":{\"@id\":\"https:\/\/www.microlide.com\/fr\/#website\"},\"datePublished\":\"2023-06-02T13:01:11+00:00\",\"dateModified\":\"2023-07-21T07:14:05+00:00\",\"breadcrumb\":{\"@id\":\"https:\/\/www.microlide.com\/fr\/connecter-iminilide\/#breadcrumb\"},\"inLanguage\":\"fr-FR\",\"potentialAction\":[{\"@type\":\"ReadAction\",\"target\":[\"https:\/\/www.microlide.com\/fr\/connecter-iminilide\/\"]}]},{\"@type\":\"BreadcrumbList\",\"@id\":\"https:\/\/www.microlide.com\/fr\/connecter-iminilide\/#breadcrumb\",\"itemListElement\":[{\"@type\":\"ListItem\",\"position\":1,\"name\":\"Accueil\",\"item\":\"https:\/\/www.microlide.com\/fr\/\"},{\"@type\":\"ListItem\",\"position\":2,\"name\":\"&#8211; Connecter iMINILide\"}]},{\"@type\":\"WebSite\",\"@id\":\"https:\/\/www.microlide.com\/fr\/#website\",\"url\":\"https:\/\/www.microlide.com\/fr\/\",\"name\":\"SN Microlide\",\"description\":\"Fabricant d&#039;enregistreurs de temp\u00e9ratures et autres mesures, syst\u00e8me de tra\u00e7abilit\u00e9 totale\",\"publisher\":{\"@id\":\"https:\/\/www.microlide.com\/fr\/#organization\"},\"potentialAction\":[{\"@type\":\"SearchAction\",\"target\":{\"@type\":\"EntryPoint\",\"urlTemplate\":\"https:\/\/www.microlide.com\/fr\/?s={search_term_string}\"},\"query-input\":\"required name=search_term_string\"}],\"inLanguage\":\"fr-FR\"},{\"@type\":\"Organization\",\"@id\":\"https:\/\/www.microlide.com\/fr\/#organization\",\"name\":\"SN Microlide\",\"url\":\"https:\/\/www.microlide.com\/fr\/\",\"logo\":{\"@type\":\"ImageObject\",\"inLanguage\":\"fr-FR\",\"@id\":\"https:\/\/www.microlide.com\/fr\/#\/schema\/logo\/image\/\",\"url\":\"https:\/\/www.microlide.com\/fr\/wp-content\/uploads\/sites\/2\/2026\/03\/cropped-microlide_quadri-scaled-1.jpg\",\"contentUrl\":\"https:\/\/www.microlide.com\/fr\/wp-content\/uploads\/sites\/2\/2026\/03\/cropped-microlide_quadri-scaled-1.jpg\",\"width\":2182,\"height\":410,\"caption\":\"SN Microlide\"},\"image\":{\"@id\":\"https:\/\/www.microlide.com\/fr\/#\/schema\/logo\/image\/\"},\"sameAs\":[\"https:\/\/www.facebook.com\/SNMicrolide\/?locale=fr_FR\",\"https:\/\/fr.linkedin.com\/in\/sn-microlide-6aba01189\"]}]}<\/script>\n<!-- \/ Yoast SEO plugin. -->","yoast_head_json":{"title":"- Connecter iMINILide - SN Microlide","robots":{"index":"index","follow":"follow","max-snippet":"max-snippet:-1","max-image-preview":"max-image-preview:large","max-video-preview":"max-video-preview:-1"},"canonical":"https:\/\/www.microlide.com\/fr\/connecter-iminilide\/","og_locale":"fr_FR","og_type":"article","og_title":"- Connecter iMINILide - SN Microlide","og_description":"FAQ i-MINILide R\u00e9seau informatique et internet Comment connecter le iMINILide sur un r\u00e9seau informatique et sur internet ? Concernant le syst\u00e8me i-MINILide Le\u00a0i-MINILide\u00a0se connecte au r\u00e9seau informatique via une prise RJ45 standard. Le c\u00e2ble peut \u00eatre droit ou crois\u00e9. Une fois connect\u00e9es, les leds plac\u00e9es sur le connecteur RJ45 doivent clignoter. Par d\u00e9faut, le\u00a0i-MINILide\u00a0est configur\u00e9 [&hellip;]","og_url":"https:\/\/www.microlide.com\/fr\/connecter-iminilide\/","og_site_name":"SN Microlide","article_publisher":"https:\/\/www.facebook.com\/SNMicrolide\/?locale=fr_FR","article_modified_time":"2023-07-21T07:14:05+00:00","twitter_card":"summary_large_image","twitter_misc":{"Dur\u00e9e de lecture estim\u00e9e":"2 minutes"},"schema":{"@context":"https:\/\/schema.org","@graph":[{"@type":"WebPage","@id":"https:\/\/www.microlide.com\/fr\/connecter-iminilide\/","url":"https:\/\/www.microlide.com\/fr\/connecter-iminilide\/","name":"- Connecter iMINILide - SN Microlide","isPartOf":{"@id":"https:\/\/www.microlide.com\/fr\/#website"},"datePublished":"2023-06-02T13:01:11+00:00","dateModified":"2023-07-21T07:14:05+00:00","breadcrumb":{"@id":"https:\/\/www.microlide.com\/fr\/connecter-iminilide\/#breadcrumb"},"inLanguage":"fr-FR","potentialAction":[{"@type":"ReadAction","target":["https:\/\/www.microlide.com\/fr\/connecter-iminilide\/"]}]},{"@type":"BreadcrumbList","@id":"https:\/\/www.microlide.com\/fr\/connecter-iminilide\/#breadcrumb","itemListElement":[{"@type":"ListItem","position":1,"name":"Accueil","item":"https:\/\/www.microlide.com\/fr\/"},{"@type":"ListItem","position":2,"name":"&#8211; Connecter iMINILide"}]},{"@type":"WebSite","@id":"https:\/\/www.microlide.com\/fr\/#website","url":"https:\/\/www.microlide.com\/fr\/","name":"SN Microlide","description":"Fabricant d&#039;enregistreurs de temp\u00e9ratures et autres mesures, syst\u00e8me de tra\u00e7abilit\u00e9 totale","publisher":{"@id":"https:\/\/www.microlide.com\/fr\/#organization"},"potentialAction":[{"@type":"SearchAction","target":{"@type":"EntryPoint","urlTemplate":"https:\/\/www.microlide.com\/fr\/?s={search_term_string}"},"query-input":"required name=search_term_string"}],"inLanguage":"fr-FR"},{"@type":"Organization","@id":"https:\/\/www.microlide.com\/fr\/#organization","name":"SN Microlide","url":"https:\/\/www.microlide.com\/fr\/","logo":{"@type":"ImageObject","inLanguage":"fr-FR","@id":"https:\/\/www.microlide.com\/fr\/#\/schema\/logo\/image\/","url":"https:\/\/www.microlide.com\/fr\/wp-content\/uploads\/sites\/2\/2026\/03\/cropped-microlide_quadri-scaled-1.jpg","contentUrl":"https:\/\/www.microlide.com\/fr\/wp-content\/uploads\/sites\/2\/2026\/03\/cropped-microlide_quadri-scaled-1.jpg","width":2182,"height":410,"caption":"SN Microlide"},"image":{"@id":"https:\/\/www.microlide.com\/fr\/#\/schema\/logo\/image\/"},"sameAs":["https:\/\/www.facebook.com\/SNMicrolide\/?locale=fr_FR","https:\/\/fr.linkedin.com\/in\/sn-microlide-6aba01189"]}]}},"_links":{"self":[{"href":"https:\/\/www.microlide.com\/fr\/wp-json\/wp\/v2\/pages\/2413"}],"collection":[{"href":"https:\/\/www.microlide.com\/fr\/wp-json\/wp\/v2\/pages"}],"about":[{"href":"https:\/\/www.microlide.com\/fr\/wp-json\/wp\/v2\/types\/page"}],"author":[{"embeddable":true,"href":"https:\/\/www.microlide.com\/fr\/wp-json\/wp\/v2\/users\/4"}],"replies":[{"embeddable":true,"href":"https:\/\/www.microlide.com\/fr\/wp-json\/wp\/v2\/comments?post=2413"}],"version-history":[{"count":28,"href":"https:\/\/www.microlide.com\/fr\/wp-json\/wp\/v2\/pages\/2413\/revisions"}],"predecessor-version":[{"id":10685,"href":"https:\/\/www.microlide.com\/fr\/wp-json\/wp\/v2\/pages\/2413\/revisions\/10685"}],"wp:attachment":[{"href":"https:\/\/www.microlide.com\/fr\/wp-json\/wp\/v2\/media?parent=2413"}],"curies":[{"name":"wp","href":"https:\/\/api.w.org\/{rel}","templated":true}]}}