{"id":379,"date":"2015-10-28T09:16:32","date_gmt":"2015-10-28T08:16:32","guid":{"rendered":"http:\/\/www.microlide.com\/fr\/?page_id=379"},"modified":"2016-02-01T11:54:11","modified_gmt":"2016-02-01T10:54:11","slug":"i-minilide-gff","status":"publish","type":"page","link":"https:\/\/www.microlide.com\/fr\/i-minilide-gff\/","title":{"rendered":"PACK iMINILide GFF&#8230; La Tranquillit\u00e9 \u00ab\u00a0Tout en Un\u00a0\u00bb !!"},"content":{"rendered":"<article class=\"post\">\n<h2><strong>Une large gamme de Packs d&rsquo;enregistreurs i-MINILide compos\u00e9e pour les professionnels.<br \/>\n<\/strong><\/h2>\n<figure id=\"attachment_396\" aria-describedby=\"caption-attachment-396\" style=\"width: 272px\" class=\"wp-caption alignleft\"><a href=\"https:\/\/www.microlide.com\/fr\/wp-content\/uploads\/sites\/2\/2015\/10\/Pub-Microlide.jpg\"><img decoding=\"async\" loading=\"lazy\" class=\" wp-image-396 size-medium\" src=\"https:\/\/www.microlide.com\/fr\/wp-content\/uploads\/sites\/2\/2015\/10\/Pub-Microlide-272x300.jpg\" alt=\"\" width=\"272\" height=\"300\" \/><\/a><figcaption id=\"caption-attachment-396\" class=\"wp-caption-text\">Le Pack Tranquillit\u00e9<\/figcaption><\/figure>\n<div style=\"font-size: 1.2em;\">\n<p>Que ce soit pour une utilisation simple avec transfert sur cl\u00e9 USB ou une gestion logicielle compl\u00e8te avec acc\u00e8s distant via le web, les PACKS r\u00e9pondent aux exigences de vos clients.<\/p>\n<p>Tout est compris pour faciliter vos chiffrages:<\/p>\n<ul style=\"margin-left: 100px;\">\n<li class=\"post\">L&rsquo;enregistreur (1 \u00e0 56 voies)<\/li>\n<li class=\"post\">Les Sondes (PT100 4 fils, 3m) <strong>*<\/strong><\/li>\n<li class=\"post\">Le Logiciel iMINILog<\/li>\n<li class=\"post\">La licence WEB<\/li>\n<\/ul>\n<div style=\"font-size: 0.5em; font-weight: bold; font-style: italic;\">* : Quantit\u00e9 diff\u00e9rente suivant les mod\u00e8les<\/div>\n<\/div>\n<div style=\"clear: both; height: 0px;\"><\/div>\n<h2><strong>La simplicit\u00e9 d&rsquo;installation, la convivialit\u00e9 d&rsquo;utilisation, dans des Packs complets pour faciliter vos achats !<\/strong><\/h2>\n<hr \/>\n<figure id=\"attachment_23\" aria-describedby=\"caption-attachment-23\" style=\"width: 203px\" class=\"wp-caption alignright\"><a href=\"https:\/\/www.microlide.com\/fr\/wp-content\/uploads\/sites\/2\/2014\/09\/iMinilide-542x800.jpg\"><img decoding=\"async\" loading=\"lazy\" class=\"wp-image-23 size-medium\" src=\"https:\/\/www.microlide.com\/fr\/wp-content\/uploads\/sites\/2\/2014\/09\/iMinilide-542x800-203x300.jpg\" alt=\"\" width=\"203\" height=\"300\" \/><\/a><figcaption id=\"caption-attachment-23\" class=\"wp-caption-text\">i-MINILide<\/figcaption><\/figure>\n<h4>Descriptif g\u00e9n\u00e9ral<\/h4>\n<p>Le <strong>i-MINILide<\/strong> est un <strong>bo\u00eetier enregistreur<\/strong> avec <strong>\u00e9cran tactile<\/strong> permettant de disposer d\u2019un <strong>enregistrement<\/strong> et d\u2019une <strong>surveillance<\/strong> <strong>autonome et permanente de mesures<\/strong> (<strong>temp\u00e9rature, hygrom\u00e9trie, d\u00e9fauts techniques, ouvertures de portes, etc<\/strong>). Le nombre de voies possible sur un i-MINILide est de<strong> 1, 2, 3, 4, 8, 16 ,32 &amp; 56<\/strong> selon le mod\u00e8le. Il permet une <strong>configuration d&rsquo;alarme<\/strong> en cas de d\u00e9passement de seuil ou d&rsquo;\u00e9tat de contact.Le<strong> i-MINILide<\/strong> garde en m\u00e9moire un <strong>historique d&rsquo;un an de mesures<\/strong>.L&rsquo;<strong>\u00e9cran tactile<\/strong> permet une <strong>exploitation directe des donn\u00e9es<\/strong> avec <strong>visualisation du graphique<\/strong> et donne la possibilit\u00e9 de <strong>tout configurer sur le terrain, sans n\u00e9cessiter un PC<\/strong>.<strong>Le i-MINILide se veut connect\u00e9<\/strong>, il peut \u00eatre <strong>reli\u00e9 \u00e0 un r\u00e9seau informatique<\/strong> existant, donnant la <strong>possibilit\u00e9 aux PC du r\u00e9seau de consulter ces donn\u00e9es<\/strong>, de garder un <strong>historique illimit\u00e9 des mesures<\/strong> et de travailler plus en <strong>d\u00e9tail sur les courbes de mesures, <\/strong>gr\u00e2ce au logiciel i-MINILog.<\/p>\n<figure id=\"attachment_204\" aria-describedby=\"caption-attachment-204\" style=\"width: 150px\" class=\"wp-caption alignleft\"><a href=\"https:\/\/www.microlide.com\/fr\/wp-content\/uploads\/sites\/2\/2014\/10\/iminilide_smartphone.png\"><img decoding=\"async\" loading=\"lazy\" class=\"wp-image-204 size-thumbnail\" src=\"https:\/\/www.microlide.com\/fr\/wp-content\/uploads\/sites\/2\/2014\/10\/iminilide_smartphone-150x150.png\" alt=\"\" width=\"150\" height=\"150\" \/><\/a><figcaption id=\"caption-attachment-204\" class=\"wp-caption-text\">Exemple de consultation sur smartphone des mesures en cours<\/figcaption><\/figure>\n<p>Avec cette connexion, <strong>l&rsquo;enregistreur est capable d&rsquo;envoyer des e-mails en cas d&rsquo;alarme<\/strong> \u00e0 plusieurs personnes.De plus, si le r\u00e9seau informatique le permet, <strong>le i-MINILide peut envoyer ces mesures sur internet<\/strong> (par le portail <strong><a title=\"Portail i-MINILide\" href=\"http:\/\/www.iminilide.com\/\" target=\"_blank\">http:\/\/www.iminilide.com\/<\/a><\/strong>) donnant la possibilit\u00e9 aux propri\u00e9taires (et installateurs) de <strong>consulter les courbes de mesures de n&rsquo;importe o\u00f9<\/strong> via leur compte personnel, <strong>par exemple apr\u00e8s r\u00e9ception d&rsquo;une alarme par e-mail<\/strong>. Dans ce cas, <strong>le portail permet d&rsquo;acquitter l&rsquo;alarme<\/strong> \u00e0 distance.<br \/>\nDe sorte \u00e0 rendre le i-MINILide abordable selon les besoins des clients, <strong>il existe une licence \u00ab\u00a0FULL WEB\u00a0\u00bb<\/strong> permettant d&rsquo;utiliser <strong>toutes les fonctionnalit\u00e9s r\u00e9seaux<\/strong> de l&rsquo;appareil. Pour les clients qui souhaitent utiliser le i-MINILide simplement en tant qu&rsquo;enregistreur et surveillance d&rsquo;alarme, cette licence n&rsquo;est pas n\u00e9cessaire.Le i-MINILide a \u00e9t\u00e9 d\u00e9velopp\u00e9 de sorte \u00e0 \u00eatre <strong>multilingue<\/strong>, tant au niveau de l&rsquo;appareil qu&rsquo;au niveau du logiciel i-MINILog et du site internet d\u00e9di\u00e9. Il a ainsi la capacit\u00e9 de s&rsquo;<strong>exporter \u00e0 l&rsquo;\u00e9tranger<\/strong>.<\/p>\n<div style=\"clear: both;\">\u00a0Pour toute aide d&rsquo;ordre technique, veuillez consulter la <a title=\"FAQ i-MINILide\" href=\"https:\/\/www.microlide.com\/fr\/faq-i-minilide\/\">FAQ i-MINILide<\/a>.<\/div>\n<hr \/>\n<h4>Points forts<\/h4>\n<h5 style=\"text-align: center;\"><span style=\"text-decoration: underline;\">Facilit\u00e9 d&rsquo;installation<\/span><\/h5>\n<figure id=\"attachment_202\" aria-describedby=\"caption-attachment-202\" style=\"width: 150px\" class=\"wp-caption alignright\"><a href=\"https:\/\/www.microlide.com\/fr\/wp-content\/uploads\/sites\/2\/2014\/10\/iminilide_ouvert.png\"><img decoding=\"async\" loading=\"lazy\" class=\"wp-image-202 size-thumbnail\" src=\"https:\/\/www.microlide.com\/fr\/wp-content\/uploads\/sites\/2\/2014\/10\/iminilide_ouvert-150x150.png\" alt=\"\" width=\"150\" height=\"150\" \/><\/a><figcaption id=\"caption-attachment-202\" class=\"wp-caption-text\">i-MINILide ouvert (version 16 voies)<\/figcaption><\/figure>\n<p><strong>Pour fonctionner, il est simplement n\u00e9cessaire de relier le i-MINILide \u00e0 l&rsquo;alimentation \u00e9lectrique et aux sondes de mesures<\/strong>. De la place a \u00e9t\u00e9 r\u00e9serv\u00e9e \u00e0 l&rsquo;int\u00e9rieur du i-MINILide pour faciliter les branchements des sondes, y compris pour le plus complet des enregistreurs en 32 voies (un second boitier d\u00e9port\u00e9 est ajout\u00e9 pour le 56 voies). <strong>Les arriv\u00e9s de c\u00e2bles se font par le dessous, par les c\u00f4t\u00e9s ou par l\u2019arri\u00e8re de l&rsquo;appareil<\/strong>. <em>(Cliquez sur la photo ci-contre pour voir les d\u00e9tails)<\/em>.<strong>Une fois allum\u00e9, le i-MINILide enregistre une mesure par minute.<\/strong>Gr\u00e2ce \u00e0 son \u00e9cran tactile, <strong>il est ensuite tr\u00e8s simple de nommer chaque voie de mesures<\/strong> et de configurer les seuils d&rsquo;alarmes.<strong>Le branchement r\u00e9seau se fait via un c\u00e2ble et une prise RJ45 classiques<\/strong>, comme utilis\u00e9s pour les PC. Dans la plupart des cas, gr\u00e2ce au r\u00e9seau du client (ou via une box internet classique), <strong>le i-MINILide se configure tout seul sur le r\u00e9seau<\/strong>.Si utilisation d&rsquo;un PC avec le logiciel i-MINILog pour rapatrier toutes les donn\u00e9es des i-MINILide, <strong>ce logiciel est capable de retrouver automatiquement les i-MINILide reli\u00e9s au r\u00e9seau<\/strong>. Il suffit de les s\u00e9lectionner pour les r\u00e9cup\u00e9rer sur le logiciel.<\/p>\n<h5 style=\"text-align: center;\"><span style=\"text-decoration: underline;\">Facilit\u00e9 d&rsquo;utilisation<\/span><\/h5>\n<p>Au plus simple,<strong> l&rsquo;appareil peut tout simplement \u00eatre utilis\u00e9 avec la visualisation des temp\u00e9ratures en temps r\u00e9el \u00e0 l&rsquo;\u00e9cran<\/strong>. Un simple appui sur une temp\u00e9rature affiche la courbe de temp\u00e9rature. <strong>En cas d&rsquo;alarme, un grand bouton visible \u00ab\u00a0ACQUITTER ALARME\u00a0\u00bb est pr\u00e9sent \u00e0 l&rsquo;\u00e9cran<\/strong>, sur lequel il faut appuyer pour acquitter l&rsquo;alarme.Avec une <strong>liaison r\u00e9seau<\/strong> et l&rsquo;utilisation du <strong>logiciel i-MINILog sur PC<\/strong>, celui-ci <strong>r\u00e9cup\u00e8re automatiquement et syst\u00e9matiquement les donn\u00e9es du i-MINILide<\/strong>, sans faire aucune action, il suffit simplement que le logiciel reste ouvert sur le PC. M\u00eame si des donn\u00e9es n&rsquo;ont pas \u00e9t\u00e9 r\u00e9cup\u00e9r\u00e9es car le logiciel \u00e9tait stopp\u00e9, il r\u00e9cup\u00e9rera son retard automatiquement lors de son prochain lancement. Ce logiciel permet les <strong>consultations ais\u00e9es des courbes<\/strong>,<strong> l&rsquo;impression<\/strong>,<strong> l&rsquo;export au format PDF ou traitement de texte pour personnaliser des rapports sanitaires<\/strong> par exemple (format RTF, compatible Microsoft Word, OpenOffice, LibreOffice, etc).<\/p>\n<figure id=\"attachment_206\" aria-describedby=\"caption-attachment-206\" style=\"width: 300px\" class=\"wp-caption aligncenter\"><a href=\"https:\/\/www.microlide.com\/fr\/wp-content\/uploads\/sites\/2\/2014\/10\/iminilide_windows_8.png\"><img decoding=\"async\" loading=\"lazy\" class=\"wp-image-206 size-medium\" src=\"https:\/\/www.microlide.com\/fr\/wp-content\/uploads\/sites\/2\/2014\/10\/iminilide_windows_8-300x172.png\" alt=\"\" width=\"300\" height=\"172\" \/><\/a><figcaption id=\"caption-attachment-206\" class=\"wp-caption-text\">i-MINILog (logiciel PC) &#8211; Consultation de courbes<\/figcaption><\/figure>\n<figure id=\"attachment_207\" aria-describedby=\"caption-attachment-207\" style=\"width: 300px\" class=\"wp-caption aligncenter\"><a href=\"https:\/\/www.microlide.com\/fr\/wp-content\/uploads\/sites\/2\/2014\/10\/iminilog_mosaique_alarme_acquitte.png\"><img decoding=\"async\" loading=\"lazy\" class=\"wp-image-207 size-medium\" src=\"https:\/\/www.microlide.com\/fr\/wp-content\/uploads\/sites\/2\/2014\/10\/iminilog_mosaique_alarme_acquitte-300x177.png\" alt=\"\" width=\"300\" height=\"177\" \/><\/a><figcaption id=\"caption-attachment-207\" class=\"wp-caption-text\">i-MINILog (logiciel PC) &#8211; Mosa\u00efque d&rsquo;i-MINILides avec possibilit\u00e9 d&rsquo;acquitter les alarmes<\/figcaption><\/figure>\n<figure id=\"attachment_205\" aria-describedby=\"caption-attachment-205\" style=\"width: 300px\" class=\"wp-caption aligncenter\"><a href=\"https:\/\/www.microlide.com\/fr\/wp-content\/uploads\/sites\/2\/2014\/10\/iminilide_mail.png\"><img decoding=\"async\" loading=\"lazy\" class=\"wp-image-205 size-medium\" src=\"https:\/\/www.microlide.com\/fr\/wp-content\/uploads\/sites\/2\/2014\/10\/iminilide_mail-300x255.png\" alt=\"\" width=\"300\" height=\"255\" \/><\/a><figcaption id=\"caption-attachment-205\" class=\"wp-caption-text\">Exemple de mail d&rsquo;alarme re\u00e7u directement d&rsquo;un i-MINILide<\/figcaption><\/figure>\n<hr \/>\n<h4>Descriptif d\u00e9taill\u00e9<\/h4>\n<ul>\n<li>Ecran tactile 4,3 pouces.<\/li>\n<li>Param\u00e9trage d&rsquo;alarme par voie de mesures, sur deux seuils (haut et bas) pour les mesures, ou sur un \u00e9tat pour les contacts.<\/li>\n<li>Configuration prot\u00e9g\u00e9e par mot de passe.<\/li>\n<li>Alarme sur buzzer int\u00e9gr\u00e9 \u00e0 l&rsquo;appareil, avec sortie relais param\u00e9trable (NO ou NF).<\/li>\n<li>Liaison Ethernet RJ45, param\u00e9trage r\u00e9seau manuel ou DHCP (par d\u00e9faut).<\/li>\n<li>Envoi d&rsquo;e-mail en cas d&rsquo;alarme, jusqu&rsquo;\u00e0 5 adresses e-mail. <span style=\"color: #ff6600;\">N\u00e9cessite la licence \u00ab\u00a0Full Web\u00a0\u00bb.<\/span><\/li>\n<li>Page web int\u00e9gr\u00e9e avec les mesures en cours et menu de configurations (alarmes, e-mail, r\u00e9seau, etc).<\/li>\n<li>R\u00e9cup\u00e9ration de donn\u00e9es sur PC en r\u00e9seau, sans limite de nombre de PC, via logiciel MINILog. Ce logiciel permet la consultation des courbes de mesures, des alarmes, l&rsquo;impression de ces donn\u00e9es, l&rsquo;export en PDF, image et RTF. Il peut se synchroniser avec un ou plusieurs i-MINILide, avec d\u00e9tection automatique sur le r\u00e9seau. <span style=\"color: #ff6600;\">N\u00e9cessite la licence \u00ab\u00a0Full Web\u00a0\u00bb.<\/span><\/li>\n<li>Envoi des mesures possible <span id=\"transmark\"><\/span>sur internet, consultable sur le portail i-MINILide <a title=\"Portail i-MINILide\" href=\"http:\/\/www.iminilide.com\/\" target=\"_blank\"><strong>http:\/\/www.iminilide.com\/<\/strong><\/a>. <span style=\"color: #ff6600;\">N\u00e9cessite la licence \u00ab\u00a0Full Web\u00a0\u00bb.<\/span><\/li>\n<li>Connexion directe cl\u00e9 USB pour r\u00e9cup\u00e9ration de mesures au format TXT (bloc note, traitement de texte, tableur).<\/li>\n<li>Multilingue : Possibilit\u00e9 d&rsquo;export \u00e0 l&rsquo;\u00e9tranger.<\/li>\n<\/ul>\n<hr \/>\n<h4>Accessoires disponibles<\/h4>\n<ul>\n<li><a title=\"Imprimante directe iMinilide\" href=\"https:\/\/www.microlide.com\/fr\/wpcproduct\/iminiimp-imprimante-directe-pour-i-minilide\/\" target=\"_blank\">Imprimante directe pour iMinilide<\/a><\/li>\n<li><a title=\"Module d'\u00e9talonnage pour iMinilide\" href=\"https:\/\/www.microlide.com\/fr\/wpcproduct\/systeme-detalonnage-des-enregistreurs-i-minilide\/\" target=\"_blank\">Solution d&rsquo;\u00e9talonnage pour iMinilide<\/a><\/li>\n<\/ul>\n<hr \/>\n<div style=\"font-size: 1.4em;\"><\/div>\n<div style=\"font-size: 1.4em;\">N&rsquo;h\u00e9sitez pas \u00e0 consulter le portail WEB d\u00e9di\u00e9 au i-MINILide \u00e0 l&rsquo;adresse <a title=\"Portail i-MINILide\" href=\"http:\/\/www.iminilide.com\/\" target=\"_blank\"><strong>http:\/\/www.iminilide.com\/<\/strong><\/a><\/div>\n<div style=\"font-size: 1.4em;\">Pour plus d&rsquo;informations, n&rsquo;h\u00e9sitez pas \u00e0 contacter notre service commercial via la page suivante : <a title=\"Nous contacter\" href=\"https:\/\/www.microlide.com\/fr\/nous-contacter\/\">Contacter Microlide<\/a><\/div>\n<\/article>\n","protected":false},"excerpt":{"rendered":"<p>Une large gamme de Packs d&rsquo;enregistreurs i-MINILide compos\u00e9e pour les professionnels. Que ce soit pour une utilisation simple avec transfert sur cl\u00e9 USB ou une gestion logicielle compl\u00e8te avec acc\u00e8s distant via le web, les PACKS r\u00e9pondent aux exigences de vos clients. Tout est compris pour faciliter vos chiffrages: L&rsquo;enregistreur (1 \u00e0 56 voies) Les [&hellip;]<\/p>\n","protected":false},"author":1,"featured_media":0,"parent":0,"menu_order":0,"comment_status":"closed","ping_status":"closed","template":"","meta":[],"yoast_head":"<!-- This site is optimized with the Yoast SEO plugin v20.12 - https:\/\/yoast.com\/wordpress\/plugins\/seo\/ -->\n<title>PACK iMINILide GFF... La Tranquillit\u00e9 &quot;Tout en Un&quot; !! - SN Microlide<\/title>\n<meta name=\"robots\" content=\"index, follow, max-snippet:-1, max-image-preview:large, max-video-preview:-1\" \/>\n<link rel=\"canonical\" href=\"https:\/\/www.microlide.com\/fr\/i-minilide-gff\/\" \/>\n<meta property=\"og:locale\" content=\"fr_FR\" \/>\n<meta property=\"og:type\" content=\"article\" \/>\n<meta property=\"og:title\" content=\"PACK iMINILide GFF... La Tranquillit\u00e9 &quot;Tout en Un&quot; !! - SN Microlide\" \/>\n<meta property=\"og:description\" content=\"Une large gamme de Packs d&rsquo;enregistreurs i-MINILide compos\u00e9e pour les professionnels. Que ce soit pour une utilisation simple avec transfert sur cl\u00e9 USB ou une gestion logicielle compl\u00e8te avec acc\u00e8s distant via le web, les PACKS r\u00e9pondent aux exigences de vos clients. Tout est compris pour faciliter vos chiffrages: L&rsquo;enregistreur (1 \u00e0 56 voies) Les [&hellip;]\" \/>\n<meta property=\"og:url\" content=\"https:\/\/www.microlide.com\/fr\/i-minilide-gff\/\" \/>\n<meta property=\"og:site_name\" content=\"SN Microlide\" \/>\n<meta property=\"article:publisher\" content=\"https:\/\/www.facebook.com\/SNMicrolide\/?locale=fr_FR\" \/>\n<meta property=\"article:modified_time\" content=\"2016-02-01T10:54:11+00:00\" \/>\n<meta property=\"og:image\" content=\"http:\/\/www.microlide.com\/fr\/wp-content\/uploads\/sites\/2\/2015\/10\/Pub-Microlide-272x300.jpg\" \/>\n<meta name=\"twitter:card\" content=\"summary_large_image\" \/>\n<meta name=\"twitter:label1\" content=\"Dur\u00e9e de lecture estim\u00e9e\" \/>\n\t<meta name=\"twitter:data1\" content=\"6 minutes\" \/>\n<script type=\"application\/ld+json\" class=\"yoast-schema-graph\">{\"@context\":\"https:\/\/schema.org\",\"@graph\":[{\"@type\":\"WebPage\",\"@id\":\"https:\/\/www.microlide.com\/fr\/i-minilide-gff\/\",\"url\":\"https:\/\/www.microlide.com\/fr\/i-minilide-gff\/\",\"name\":\"PACK iMINILide GFF... La Tranquillit\u00e9 \\\"Tout en Un\\\" !! - SN Microlide\",\"isPartOf\":{\"@id\":\"https:\/\/www.microlide.com\/fr\/#website\"},\"datePublished\":\"2015-10-28T08:16:32+00:00\",\"dateModified\":\"2016-02-01T10:54:11+00:00\",\"breadcrumb\":{\"@id\":\"https:\/\/www.microlide.com\/fr\/i-minilide-gff\/#breadcrumb\"},\"inLanguage\":\"fr-FR\",\"potentialAction\":[{\"@type\":\"ReadAction\",\"target\":[\"https:\/\/www.microlide.com\/fr\/i-minilide-gff\/\"]}]},{\"@type\":\"BreadcrumbList\",\"@id\":\"https:\/\/www.microlide.com\/fr\/i-minilide-gff\/#breadcrumb\",\"itemListElement\":[{\"@type\":\"ListItem\",\"position\":1,\"name\":\"Accueil\",\"item\":\"https:\/\/www.microlide.com\/fr\/\"},{\"@type\":\"ListItem\",\"position\":2,\"name\":\"PACK iMINILide GFF&#8230; La Tranquillit\u00e9 \u00ab\u00a0Tout en Un\u00a0\u00bb !!\"}]},{\"@type\":\"WebSite\",\"@id\":\"https:\/\/www.microlide.com\/fr\/#website\",\"url\":\"https:\/\/www.microlide.com\/fr\/\",\"name\":\"SN Microlide\",\"description\":\"Fabricant d&#039;enregistreurs de temp\u00e9ratures et autres mesures, syst\u00e8me de tra\u00e7abilit\u00e9 totale\",\"publisher\":{\"@id\":\"https:\/\/www.microlide.com\/fr\/#organization\"},\"potentialAction\":[{\"@type\":\"SearchAction\",\"target\":{\"@type\":\"EntryPoint\",\"urlTemplate\":\"https:\/\/www.microlide.com\/fr\/?s={search_term_string}\"},\"query-input\":\"required name=search_term_string\"}],\"inLanguage\":\"fr-FR\"},{\"@type\":\"Organization\",\"@id\":\"https:\/\/www.microlide.com\/fr\/#organization\",\"name\":\"SN Microlide\",\"url\":\"https:\/\/www.microlide.com\/fr\/\",\"logo\":{\"@type\":\"ImageObject\",\"inLanguage\":\"fr-FR\",\"@id\":\"https:\/\/www.microlide.com\/fr\/#\/schema\/logo\/image\/\",\"url\":\"https:\/\/www.microlide.com\/fr\/wp-content\/uploads\/sites\/2\/2026\/03\/cropped-microlide_quadri-scaled-1.jpg\",\"contentUrl\":\"https:\/\/www.microlide.com\/fr\/wp-content\/uploads\/sites\/2\/2026\/03\/cropped-microlide_quadri-scaled-1.jpg\",\"width\":2182,\"height\":410,\"caption\":\"SN Microlide\"},\"image\":{\"@id\":\"https:\/\/www.microlide.com\/fr\/#\/schema\/logo\/image\/\"},\"sameAs\":[\"https:\/\/www.facebook.com\/SNMicrolide\/?locale=fr_FR\",\"https:\/\/fr.linkedin.com\/in\/sn-microlide-6aba01189\"]}]}<\/script>\n<!-- \/ Yoast SEO plugin. -->","yoast_head_json":{"title":"PACK iMINILide GFF... La Tranquillit\u00e9 \"Tout en Un\" !! - SN Microlide","robots":{"index":"index","follow":"follow","max-snippet":"max-snippet:-1","max-image-preview":"max-image-preview:large","max-video-preview":"max-video-preview:-1"},"canonical":"https:\/\/www.microlide.com\/fr\/i-minilide-gff\/","og_locale":"fr_FR","og_type":"article","og_title":"PACK iMINILide GFF... La Tranquillit\u00e9 \"Tout en Un\" !! - SN Microlide","og_description":"Une large gamme de Packs d&rsquo;enregistreurs i-MINILide compos\u00e9e pour les professionnels. Que ce soit pour une utilisation simple avec transfert sur cl\u00e9 USB ou une gestion logicielle compl\u00e8te avec acc\u00e8s distant via le web, les PACKS r\u00e9pondent aux exigences de vos clients. Tout est compris pour faciliter vos chiffrages: L&rsquo;enregistreur (1 \u00e0 56 voies) Les [&hellip;]","og_url":"https:\/\/www.microlide.com\/fr\/i-minilide-gff\/","og_site_name":"SN Microlide","article_publisher":"https:\/\/www.facebook.com\/SNMicrolide\/?locale=fr_FR","article_modified_time":"2016-02-01T10:54:11+00:00","og_image":[{"url":"http:\/\/www.microlide.com\/fr\/wp-content\/uploads\/sites\/2\/2015\/10\/Pub-Microlide-272x300.jpg"}],"twitter_card":"summary_large_image","twitter_misc":{"Dur\u00e9e de lecture estim\u00e9e":"6 minutes"},"schema":{"@context":"https:\/\/schema.org","@graph":[{"@type":"WebPage","@id":"https:\/\/www.microlide.com\/fr\/i-minilide-gff\/","url":"https:\/\/www.microlide.com\/fr\/i-minilide-gff\/","name":"PACK iMINILide GFF... La Tranquillit\u00e9 \"Tout en Un\" !! - SN Microlide","isPartOf":{"@id":"https:\/\/www.microlide.com\/fr\/#website"},"datePublished":"2015-10-28T08:16:32+00:00","dateModified":"2016-02-01T10:54:11+00:00","breadcrumb":{"@id":"https:\/\/www.microlide.com\/fr\/i-minilide-gff\/#breadcrumb"},"inLanguage":"fr-FR","potentialAction":[{"@type":"ReadAction","target":["https:\/\/www.microlide.com\/fr\/i-minilide-gff\/"]}]},{"@type":"BreadcrumbList","@id":"https:\/\/www.microlide.com\/fr\/i-minilide-gff\/#breadcrumb","itemListElement":[{"@type":"ListItem","position":1,"name":"Accueil","item":"https:\/\/www.microlide.com\/fr\/"},{"@type":"ListItem","position":2,"name":"PACK iMINILide GFF&#8230; La Tranquillit\u00e9 \u00ab\u00a0Tout en Un\u00a0\u00bb !!"}]},{"@type":"WebSite","@id":"https:\/\/www.microlide.com\/fr\/#website","url":"https:\/\/www.microlide.com\/fr\/","name":"SN Microlide","description":"Fabricant d&#039;enregistreurs de temp\u00e9ratures et autres mesures, syst\u00e8me de tra\u00e7abilit\u00e9 totale","publisher":{"@id":"https:\/\/www.microlide.com\/fr\/#organization"},"potentialAction":[{"@type":"SearchAction","target":{"@type":"EntryPoint","urlTemplate":"https:\/\/www.microlide.com\/fr\/?s={search_term_string}"},"query-input":"required name=search_term_string"}],"inLanguage":"fr-FR"},{"@type":"Organization","@id":"https:\/\/www.microlide.com\/fr\/#organization","name":"SN Microlide","url":"https:\/\/www.microlide.com\/fr\/","logo":{"@type":"ImageObject","inLanguage":"fr-FR","@id":"https:\/\/www.microlide.com\/fr\/#\/schema\/logo\/image\/","url":"https:\/\/www.microlide.com\/fr\/wp-content\/uploads\/sites\/2\/2026\/03\/cropped-microlide_quadri-scaled-1.jpg","contentUrl":"https:\/\/www.microlide.com\/fr\/wp-content\/uploads\/sites\/2\/2026\/03\/cropped-microlide_quadri-scaled-1.jpg","width":2182,"height":410,"caption":"SN Microlide"},"image":{"@id":"https:\/\/www.microlide.com\/fr\/#\/schema\/logo\/image\/"},"sameAs":["https:\/\/www.facebook.com\/SNMicrolide\/?locale=fr_FR","https:\/\/fr.linkedin.com\/in\/sn-microlide-6aba01189"]}]}},"_links":{"self":[{"href":"https:\/\/www.microlide.com\/fr\/wp-json\/wp\/v2\/pages\/379"}],"collection":[{"href":"https:\/\/www.microlide.com\/fr\/wp-json\/wp\/v2\/pages"}],"about":[{"href":"https:\/\/www.microlide.com\/fr\/wp-json\/wp\/v2\/types\/page"}],"author":[{"embeddable":true,"href":"https:\/\/www.microlide.com\/fr\/wp-json\/wp\/v2\/users\/1"}],"replies":[{"embeddable":true,"href":"https:\/\/www.microlide.com\/fr\/wp-json\/wp\/v2\/comments?post=379"}],"version-history":[{"count":33,"href":"https:\/\/www.microlide.com\/fr\/wp-json\/wp\/v2\/pages\/379\/revisions"}],"predecessor-version":[{"id":6799,"href":"https:\/\/www.microlide.com\/fr\/wp-json\/wp\/v2\/pages\/379\/revisions\/6799"}],"wp:attachment":[{"href":"https:\/\/www.microlide.com\/fr\/wp-json\/wp\/v2\/media?parent=379"}],"curies":[{"name":"wp","href":"https:\/\/api.w.org\/{rel}","templated":true}]}}