{"id":56,"date":"2014-09-11T14:45:54","date_gmt":"2014-09-11T13:45:54","guid":{"rendered":"http:\/\/www.microlide.com\/fr\/?page_id=56"},"modified":"2025-01-13T15:14:43","modified_gmt":"2025-01-13T14:14:43","slug":"documentations-commerciales","status":"publish","type":"page","link":"https:\/\/www.microlide.com\/fr\/documentations-commerciales\/","title":{"rendered":"Documentations commerciales"},"content":{"rendered":"\t\t<div data-elementor-type=\"wp-page\" data-elementor-id=\"56\" class=\"elementor elementor-56\">\n\t\t\t\t\t\t\t\t\t<section class=\"elementor-section elementor-top-section elementor-element elementor-element-4b0f92c elementor-section-boxed elementor-section-height-default elementor-section-height-default\" data-id=\"4b0f92c\" data-element_type=\"section\" data-settings=\"{&quot;background_background&quot;:&quot;classic&quot;}\">\n\t\t\t\t\t\t<div class=\"elementor-container elementor-column-gap-default\">\n\t\t\t\t\t<div class=\"elementor-column elementor-col-100 elementor-top-column elementor-element elementor-element-917fea5\" data-id=\"917fea5\" data-element_type=\"column\">\n\t\t\t<div class=\"elementor-widget-wrap elementor-element-populated\">\n\t\t\t\t\t\t\t\t<div class=\"elementor-element elementor-element-5166b31 elementor-widget elementor-widget-heading\" data-id=\"5166b31\" data-element_type=\"widget\" data-widget_type=\"heading.default\">\n\t\t\t\t<div class=\"elementor-widget-container\">\n\t\t\t<style>\/*! elementor - v3.15.0 - 02-08-2023 *\/\n.elementor-heading-title{padding:0;margin:0;line-height:1}.elementor-widget-heading .elementor-heading-title[class*=elementor-size-]>a{color:inherit;font-size:inherit;line-height:inherit}.elementor-widget-heading .elementor-heading-title.elementor-size-small{font-size:15px}.elementor-widget-heading .elementor-heading-title.elementor-size-medium{font-size:19px}.elementor-widget-heading .elementor-heading-title.elementor-size-large{font-size:29px}.elementor-widget-heading .elementor-heading-title.elementor-size-xl{font-size:39px}.elementor-widget-heading .elementor-heading-title.elementor-size-xxl{font-size:59px}<\/style><h2 class=\"elementor-heading-title elementor-size-default\">Documentations commerciales<\/h2>\t\t<\/div>\n\t\t\t\t<\/div>\n\t\t\t\t<div class=\"elementor-element elementor-element-7362456 elementor-widget elementor-widget-heading\" data-id=\"7362456\" data-element_type=\"widget\" data-widget_type=\"heading.default\">\n\t\t\t\t<div class=\"elementor-widget-container\">\n\t\t\t<h3 class=\"elementor-heading-title elementor-size-default\">Prenez connaissance de nos documentations<\/h3>\t\t<\/div>\n\t\t\t\t<\/div>\n\t\t\t\t\t<\/div>\n\t\t<\/div>\n\t\t\t\t\t\t\t<\/div>\n\t\t<\/section>\n\t\t\t\t<section class=\"elementor-section elementor-top-section elementor-element elementor-element-96a8d5e elementor-section-boxed elementor-section-height-default elementor-section-height-default\" data-id=\"96a8d5e\" data-element_type=\"section\" data-settings=\"{&quot;background_background&quot;:&quot;classic&quot;}\">\n\t\t\t\t\t\t<div class=\"elementor-container elementor-column-gap-default\">\n\t\t\t\t\t<div class=\"elementor-column elementor-col-100 elementor-top-column elementor-element elementor-element-1b9bc19\" data-id=\"1b9bc19\" data-element_type=\"column\">\n\t\t\t<div class=\"elementor-widget-wrap elementor-element-populated\">\n\t\t\t\t\t\t\t\t<div class=\"elementor-element elementor-element-580197a elementor-widget elementor-widget-heading\" data-id=\"580197a\" data-element_type=\"widget\" data-widget_type=\"heading.default\">\n\t\t\t\t<div class=\"elementor-widget-container\">\n\t\t\t<h2 class=\"elementor-heading-title elementor-size-default\">Nos documentations commerciales<\/h2>\t\t<\/div>\n\t\t\t\t<\/div>\n\t\t\t\t<div class=\"elementor-element elementor-element-5ea0aa3 elementor-widget elementor-widget-heading\" data-id=\"5ea0aa3\" data-element_type=\"widget\" data-widget_type=\"heading.default\">\n\t\t\t\t<div class=\"elementor-widget-container\">\n\t\t\t<h3 class=\"elementor-heading-title elementor-size-default\">Choisissez une solution pour lister les documentations commerciales concern\u00e9es\u200b<\/h3>\t\t<\/div>\n\t\t\t\t<\/div>\n\t\t\t\t\t<\/div>\n\t\t<\/div>\n\t\t\t\t\t\t\t<\/div>\n\t\t<\/section>\n\t\t\t\t<section class=\"elementor-section elementor-top-section elementor-element elementor-element-eee36a5 elementor-section-boxed elementor-section-height-default elementor-section-height-default\" data-id=\"eee36a5\" data-element_type=\"section\">\n\t\t\t\t\t\t<div class=\"elementor-container elementor-column-gap-default\">\n\t\t\t\t\t<div class=\"elementor-column elementor-col-100 elementor-top-column elementor-element elementor-element-06da4a9\" data-id=\"06da4a9\" data-element_type=\"column\">\n\t\t\t<div class=\"elementor-widget-wrap elementor-element-populated\">\n\t\t\t\t\t\t\t\t<div class=\"elementor-element elementor-element-5bc53b6 elementor-widget elementor-widget-accordion\" data-id=\"5bc53b6\" data-element_type=\"widget\" data-widget_type=\"accordion.default\">\n\t\t\t\t<div class=\"elementor-widget-container\">\n\t\t\t<style>\/*! elementor - v3.15.0 - 02-08-2023 *\/\n.elementor-accordion{text-align:left}.elementor-accordion .elementor-accordion-item{border:1px solid #d5d8dc}.elementor-accordion .elementor-accordion-item+.elementor-accordion-item{border-top:none}.elementor-accordion .elementor-tab-title{margin:0;padding:15px 20px;font-weight:700;line-height:1;cursor:pointer;outline:none}.elementor-accordion .elementor-tab-title .elementor-accordion-icon{display:inline-block;width:1.5em}.elementor-accordion .elementor-tab-title .elementor-accordion-icon svg{width:1em;height:1em}.elementor-accordion .elementor-tab-title .elementor-accordion-icon.elementor-accordion-icon-right{float:right;text-align:right}.elementor-accordion .elementor-tab-title .elementor-accordion-icon.elementor-accordion-icon-left{float:left;text-align:left}.elementor-accordion .elementor-tab-title .elementor-accordion-icon .elementor-accordion-icon-closed{display:block}.elementor-accordion .elementor-tab-title .elementor-accordion-icon .elementor-accordion-icon-opened,.elementor-accordion .elementor-tab-title.elementor-active .elementor-accordion-icon-closed{display:none}.elementor-accordion .elementor-tab-title.elementor-active .elementor-accordion-icon-opened{display:block}.elementor-accordion .elementor-tab-content{display:none;padding:15px 20px;border-top:1px solid #d5d8dc}@media (max-width:767px){.elementor-accordion .elementor-tab-title{padding:12px 15px}.elementor-accordion .elementor-tab-title .elementor-accordion-icon{width:1.2em}.elementor-accordion .elementor-tab-content{padding:7px 15px}}.e-con-inner>.elementor-widget-accordion,.e-con>.elementor-widget-accordion{width:var(--container-widget-width);--flex-grow:var(--container-widget-flex-grow)}<\/style>\t\t<div class=\"elementor-accordion\">\n\t\t\t\t\t\t\t<div class=\"elementor-accordion-item\">\n\t\t\t\t\t<div id=\"elementor-tab-title-9621\" class=\"elementor-tab-title\" data-tab=\"1\" role=\"button\" aria-controls=\"elementor-tab-content-9621\" aria-expanded=\"false\">\n\t\t\t\t\t\t\t\t\t\t\t\t\t<span class=\"elementor-accordion-icon elementor-accordion-icon-left\" aria-hidden=\"true\">\n\t\t\t\t\t\t\t\t\t\t\t\t\t\t\t<span class=\"elementor-accordion-icon-closed\"><i class=\"fas fa-plus\"><\/i><\/span>\n\t\t\t\t\t\t\t\t<span class=\"elementor-accordion-icon-opened\"><i class=\"fas fa-minus\"><\/i><\/span>\n\t\t\t\t\t\t\t\t\t\t\t\t\t\t<\/span>\n\t\t\t\t\t\t\t\t\t\t\t\t<a class=\"elementor-accordion-title\" tabindex=\"0\">Catalogue Microlide<\/a>\n\t\t\t\t\t<\/div>\n\t\t\t\t\t<div id=\"elementor-tab-content-9621\" class=\"elementor-tab-content elementor-clearfix\" data-tab=\"1\" role=\"region\" aria-labelledby=\"elementor-tab-title-9621\"><ul><li><a href=\"https:\/\/www.microlide.com\/fr\/wp-content\/uploads\/sites\/2\/2025\/01\/Catalogue-Microlide-2025.pdf\">Catalogue Microlide (pdf &#8211; 6,5Mo)<\/a><\/li><\/ul><\/div>\n\t\t\t\t<\/div>\n\t\t\t\t\t\t\t<div class=\"elementor-accordion-item\">\n\t\t\t\t\t<div id=\"elementor-tab-title-9622\" class=\"elementor-tab-title\" data-tab=\"2\" role=\"button\" aria-controls=\"elementor-tab-content-9622\" aria-expanded=\"false\">\n\t\t\t\t\t\t\t\t\t\t\t\t\t<span class=\"elementor-accordion-icon elementor-accordion-icon-left\" aria-hidden=\"true\">\n\t\t\t\t\t\t\t\t\t\t\t\t\t\t\t<span class=\"elementor-accordion-icon-closed\"><i class=\"fas fa-plus\"><\/i><\/span>\n\t\t\t\t\t\t\t\t<span class=\"elementor-accordion-icon-opened\"><i class=\"fas fa-minus\"><\/i><\/span>\n\t\t\t\t\t\t\t\t\t\t\t\t\t\t<\/span>\n\t\t\t\t\t\t\t\t\t\t\t\t<a class=\"elementor-accordion-title\" tabindex=\"0\">i-MINILide<\/a>\n\t\t\t\t\t<\/div>\n\t\t\t\t\t<div id=\"elementor-tab-content-9622\" class=\"elementor-tab-content elementor-clearfix\" data-tab=\"2\" role=\"region\" aria-labelledby=\"elementor-tab-title-9622\"><ul><li><a href=\"https:\/\/www.microlide.com\/fr\/wp-content\/uploads\/sites\/2\/2023\/07\/flyer_iminilide.pdf\" target=\"_blank\" rel=\"noopener\">Flyer iminilide (pdf &#8211; 1Mo)<\/a><\/li><\/ul><\/div>\n\t\t\t\t<\/div>\n\t\t\t\t\t\t\t<div class=\"elementor-accordion-item\">\n\t\t\t\t\t<div id=\"elementor-tab-title-9623\" class=\"elementor-tab-title\" data-tab=\"3\" role=\"button\" aria-controls=\"elementor-tab-content-9623\" aria-expanded=\"false\">\n\t\t\t\t\t\t\t\t\t\t\t\t\t<span class=\"elementor-accordion-icon elementor-accordion-icon-left\" aria-hidden=\"true\">\n\t\t\t\t\t\t\t\t\t\t\t\t\t\t\t<span class=\"elementor-accordion-icon-closed\"><i class=\"fas fa-plus\"><\/i><\/span>\n\t\t\t\t\t\t\t\t<span class=\"elementor-accordion-icon-opened\"><i class=\"fas fa-minus\"><\/i><\/span>\n\t\t\t\t\t\t\t\t\t\t\t\t\t\t<\/span>\n\t\t\t\t\t\t\t\t\t\t\t\t<a class=\"elementor-accordion-title\" tabindex=\"0\">Lide2<\/a>\n\t\t\t\t\t<\/div>\n\t\t\t\t\t<div id=\"elementor-tab-content-9623\" class=\"elementor-tab-content elementor-clearfix\" data-tab=\"3\" role=\"region\" aria-labelledby=\"elementor-tab-title-9623\"><ul><li><a href=\"https:\/\/www.microlide.com\/fr\/wp-content\/uploads\/sites\/2\/2023\/07\/Brochure_LIDE2.pdf\" target=\"_blank\" rel=\"noopener\">Brochure Lide2 (pdf &#8211; 1Mo)<\/a><\/li><\/ul><\/div>\n\t\t\t\t<\/div>\n\t\t\t\t\t\t\t<div class=\"elementor-accordion-item\">\n\t\t\t\t\t<div id=\"elementor-tab-title-9624\" class=\"elementor-tab-title\" data-tab=\"4\" role=\"button\" aria-controls=\"elementor-tab-content-9624\" aria-expanded=\"false\">\n\t\t\t\t\t\t\t\t\t\t\t\t\t<span class=\"elementor-accordion-icon elementor-accordion-icon-left\" aria-hidden=\"true\">\n\t\t\t\t\t\t\t\t\t\t\t\t\t\t\t<span class=\"elementor-accordion-icon-closed\"><i class=\"fas fa-plus\"><\/i><\/span>\n\t\t\t\t\t\t\t\t<span class=\"elementor-accordion-icon-opened\"><i class=\"fas fa-minus\"><\/i><\/span>\n\t\t\t\t\t\t\t\t\t\t\t\t\t\t<\/span>\n\t\t\t\t\t\t\t\t\t\t\t\t<a class=\"elementor-accordion-title\" tabindex=\"0\">Lide2 Connect<\/a>\n\t\t\t\t\t<\/div>\n\t\t\t\t\t<div id=\"elementor-tab-content-9624\" class=\"elementor-tab-content elementor-clearfix\" data-tab=\"4\" role=\"region\" aria-labelledby=\"elementor-tab-title-9624\"><ul><li><a href=\"https:\/\/www.microlide.com\/fr\/wp-content\/uploads\/sites\/2\/2023\/07\/Brochure_LIDE2_Connect.pdf\" target=\"_blank\" rel=\"noopener\">Brochure Lide2 Connect (pdf &#8211; 1Mo)<\/a><\/li><\/ul><\/div>\n\t\t\t\t<\/div>\n\t\t\t\t\t\t\t<div class=\"elementor-accordion-item\">\n\t\t\t\t\t<div id=\"elementor-tab-title-9625\" class=\"elementor-tab-title\" data-tab=\"5\" role=\"button\" aria-controls=\"elementor-tab-content-9625\" aria-expanded=\"false\">\n\t\t\t\t\t\t\t\t\t\t\t\t\t<span class=\"elementor-accordion-icon elementor-accordion-icon-left\" aria-hidden=\"true\">\n\t\t\t\t\t\t\t\t\t\t\t\t\t\t\t<span class=\"elementor-accordion-icon-closed\"><i class=\"fas fa-plus\"><\/i><\/span>\n\t\t\t\t\t\t\t\t<span class=\"elementor-accordion-icon-opened\"><i class=\"fas fa-minus\"><\/i><\/span>\n\t\t\t\t\t\t\t\t\t\t\t\t\t\t<\/span>\n\t\t\t\t\t\t\t\t\t\t\t\t<a class=\"elementor-accordion-title\" tabindex=\"0\">TRA\u00c7ALIGHT<\/a>\n\t\t\t\t\t<\/div>\n\t\t\t\t\t<div id=\"elementor-tab-content-9625\" class=\"elementor-tab-content elementor-clearfix\" data-tab=\"5\" role=\"region\" aria-labelledby=\"elementor-tab-title-9625\"><ul><li><a href=\"https:\/\/www.microlide.com\/fr\/wp-content\/uploads\/sites\/2\/2023\/07\/Brochure_TRACALight.pdf\" target=\"_blank\" rel=\"noopener\">Brochure Tra\u00e7alight (pdf &#8211; 1Mo)<\/a><\/li><\/ul><\/div>\n\t\t\t\t<\/div>\n\t\t\t\t\t\t\t<div class=\"elementor-accordion-item\">\n\t\t\t\t\t<div id=\"elementor-tab-title-9626\" class=\"elementor-tab-title\" data-tab=\"6\" role=\"button\" aria-controls=\"elementor-tab-content-9626\" aria-expanded=\"false\">\n\t\t\t\t\t\t\t\t\t\t\t\t\t<span class=\"elementor-accordion-icon elementor-accordion-icon-left\" aria-hidden=\"true\">\n\t\t\t\t\t\t\t\t\t\t\t\t\t\t\t<span class=\"elementor-accordion-icon-closed\"><i class=\"fas fa-plus\"><\/i><\/span>\n\t\t\t\t\t\t\t\t<span class=\"elementor-accordion-icon-opened\"><i class=\"fas fa-minus\"><\/i><\/span>\n\t\t\t\t\t\t\t\t\t\t\t\t\t\t<\/span>\n\t\t\t\t\t\t\t\t\t\t\t\t<a class=\"elementor-accordion-title\" tabindex=\"0\">Tra\u00e7alide Expert<\/a>\n\t\t\t\t\t<\/div>\n\t\t\t\t\t<div id=\"elementor-tab-content-9626\" class=\"elementor-tab-content elementor-clearfix\" data-tab=\"6\" role=\"region\" aria-labelledby=\"elementor-tab-title-9626\"><ul><li><a href=\"https:\/\/www.microlide.com\/fr\/wp-content\/uploads\/sites\/2\/2023\/07\/Brochure_Trac\u0327alide_Expert.pdf\" target=\"_blank\" rel=\"noopener\">Brochure Tra\u00e7alide Expert (pdf &#8211; 1Mo)<\/a><\/li><\/ul><\/div>\n\t\t\t\t<\/div>\n\t\t\t\t\t\t\t<div class=\"elementor-accordion-item\">\n\t\t\t\t\t<div id=\"elementor-tab-title-9627\" class=\"elementor-tab-title\" data-tab=\"7\" role=\"button\" aria-controls=\"elementor-tab-content-9627\" aria-expanded=\"false\">\n\t\t\t\t\t\t\t\t\t\t\t\t\t<span class=\"elementor-accordion-icon elementor-accordion-icon-left\" aria-hidden=\"true\">\n\t\t\t\t\t\t\t\t\t\t\t\t\t\t\t<span class=\"elementor-accordion-icon-closed\"><i class=\"fas fa-plus\"><\/i><\/span>\n\t\t\t\t\t\t\t\t<span class=\"elementor-accordion-icon-opened\"><i class=\"fas fa-minus\"><\/i><\/span>\n\t\t\t\t\t\t\t\t\t\t\t\t\t\t<\/span>\n\t\t\t\t\t\t\t\t\t\t\t\t<a class=\"elementor-accordion-title\" tabindex=\"0\">iMINIPlan<\/a>\n\t\t\t\t\t<\/div>\n\t\t\t\t\t<div id=\"elementor-tab-content-9627\" class=\"elementor-tab-content elementor-clearfix\" data-tab=\"7\" role=\"region\" aria-labelledby=\"elementor-tab-title-9627\"><ul><li><a href=\"https:\/\/www.microlide.com\/fr\/wp-content\/uploads\/sites\/2\/2023\/07\/2020_Doc-commerciale_iMINIPlan.pdf\">Brochure iMINIPlan (pdf &#8211; 1Mo)<\/a><\/li><\/ul><\/div>\n\t\t\t\t<\/div>\n\t\t\t\t\t\t\t\t<\/div>\n\t\t\t\t<\/div>\n\t\t\t\t<\/div>\n\t\t\t\t\t<\/div>\n\t\t<\/div>\n\t\t\t\t\t\t\t<\/div>\n\t\t<\/section>\n\t\t\t\t<section class=\"elementor-section elementor-top-section elementor-element elementor-element-52a5bb8 elementor-section-boxed elementor-section-height-default elementor-section-height-default\" data-id=\"52a5bb8\" data-element_type=\"section\" data-settings=\"{&quot;background_background&quot;:&quot;classic&quot;}\">\n\t\t\t\t\t\t<div class=\"elementor-container elementor-column-gap-default\">\n\t\t\t\t\t<div class=\"elementor-column elementor-col-100 elementor-top-column elementor-element elementor-element-64d3a16\" data-id=\"64d3a16\" data-element_type=\"column\">\n\t\t\t<div class=\"elementor-widget-wrap elementor-element-populated\">\n\t\t\t\t\t\t\t\t<div class=\"elementor-element elementor-element-ffe8f99 elementor-widget elementor-widget-heading\" data-id=\"ffe8f99\" data-element_type=\"widget\" data-widget_type=\"heading.default\">\n\t\t\t\t<div class=\"elementor-widget-container\">\n\t\t\t<h2 class=\"elementor-heading-title elementor-size-default\">Besoin d'aide ?<\/h2>\t\t<\/div>\n\t\t\t\t<\/div>\n\t\t\t\t<div class=\"elementor-element elementor-element-c4043ab elementor-widget elementor-widget-heading\" data-id=\"c4043ab\" data-element_type=\"widget\" data-widget_type=\"heading.default\">\n\t\t\t\t<div class=\"elementor-widget-container\">\n\t\t\t<h3 class=\"elementor-heading-title elementor-size-default\">Acc\u00e9dez \u00e0 la page Support<\/h3>\t\t<\/div>\n\t\t\t\t<\/div>\n\t\t\t\t<div class=\"elementor-element elementor-element-7eda748 elementor-align-center elementor-widget elementor-widget-button\" data-id=\"7eda748\" data-element_type=\"widget\" data-widget_type=\"button.default\">\n\t\t\t\t<div class=\"elementor-widget-container\">\n\t\t\t\t\t<div class=\"elementor-button-wrapper\">\n\t\t\t<a class=\"elementor-button elementor-button-link elementor-size-sm\" href=\"https:\/\/www.microlide.com\/fr\/support\/\">\n\t\t\t\t\t\t<span class=\"elementor-button-content-wrapper\">\n\t\t\t\t\t\t<span class=\"elementor-button-text\">J\u2019ai besoin d\u2019aide<\/span>\n\t\t<\/span>\n\t\t\t\t\t<\/a>\n\t\t<\/div>\n\t\t\t\t<\/div>\n\t\t\t\t<\/div>\n\t\t\t\t\t<\/div>\n\t\t<\/div>\n\t\t\t\t\t\t\t<\/div>\n\t\t<\/section>\n\t\t\t\t\t\t\t<\/div>\n\t\t","protected":false},"excerpt":{"rendered":"<p>Documentations commerciales Prenez connaissance de nos documentations Nos documentations commerciales Choisissez une solution pour lister les documentations commerciales concern\u00e9es\u200b Catalogue Microlide Catalogue Microlide (pdf &#8211; 6,5Mo) i-MINILide Flyer iminilide (pdf &#8211; 1Mo) Lide2 Brochure Lide2 (pdf &#8211; 1Mo) Lide2 Connect Brochure Lide2 Connect (pdf &#8211; 1Mo) TRA\u00c7ALIGHT Brochure Tra\u00e7alight (pdf &#8211; 1Mo) Tra\u00e7alide Expert Brochure [&hellip;]<\/p>\n","protected":false},"author":1,"featured_media":0,"parent":0,"menu_order":0,"comment_status":"closed","ping_status":"closed","template":"elementor_header_footer","meta":[],"yoast_head":"<!-- This site is optimized with the Yoast SEO plugin v20.12 - https:\/\/yoast.com\/wordpress\/plugins\/seo\/ -->\n<title>Documentations commerciales - SN Microlide<\/title>\n<meta name=\"robots\" content=\"index, follow, max-snippet:-1, max-image-preview:large, max-video-preview:-1\" \/>\n<link rel=\"canonical\" href=\"https:\/\/www.microlide.com\/fr\/documentations-commerciales\/\" \/>\n<meta property=\"og:locale\" content=\"fr_FR\" \/>\n<meta property=\"og:type\" content=\"article\" \/>\n<meta property=\"og:title\" content=\"Documentations commerciales - SN Microlide\" \/>\n<meta property=\"og:description\" content=\"Documentations commerciales Prenez connaissance de nos documentations Nos documentations commerciales Choisissez une solution pour lister les documentations commerciales concern\u00e9es\u200b Catalogue Microlide Catalogue Microlide (pdf &#8211; 6,5Mo) i-MINILide Flyer iminilide (pdf &#8211; 1Mo) Lide2 Brochure Lide2 (pdf &#8211; 1Mo) Lide2 Connect Brochure Lide2 Connect (pdf &#8211; 1Mo) TRA\u00c7ALIGHT Brochure Tra\u00e7alight (pdf &#8211; 1Mo) Tra\u00e7alide Expert Brochure [&hellip;]\" \/>\n<meta property=\"og:url\" content=\"https:\/\/www.microlide.com\/fr\/documentations-commerciales\/\" \/>\n<meta property=\"og:site_name\" content=\"SN Microlide\" \/>\n<meta property=\"article:publisher\" content=\"https:\/\/www.facebook.com\/SNMicrolide\/?locale=fr_FR\" \/>\n<meta property=\"article:modified_time\" content=\"2025-01-13T14:14:43+00:00\" \/>\n<meta name=\"twitter:card\" content=\"summary_large_image\" \/>\n<meta name=\"twitter:label1\" content=\"Dur\u00e9e de lecture estim\u00e9e\" \/>\n\t<meta name=\"twitter:data1\" content=\"1 minute\" \/>\n<script type=\"application\/ld+json\" class=\"yoast-schema-graph\">{\"@context\":\"https:\/\/schema.org\",\"@graph\":[{\"@type\":\"WebPage\",\"@id\":\"https:\/\/www.microlide.com\/fr\/documentations-commerciales\/\",\"url\":\"https:\/\/www.microlide.com\/fr\/documentations-commerciales\/\",\"name\":\"Documentations commerciales - SN Microlide\",\"isPartOf\":{\"@id\":\"https:\/\/www.microlide.com\/fr\/#website\"},\"datePublished\":\"2014-09-11T13:45:54+00:00\",\"dateModified\":\"2025-01-13T14:14:43+00:00\",\"breadcrumb\":{\"@id\":\"https:\/\/www.microlide.com\/fr\/documentations-commerciales\/#breadcrumb\"},\"inLanguage\":\"fr-FR\",\"potentialAction\":[{\"@type\":\"ReadAction\",\"target\":[\"https:\/\/www.microlide.com\/fr\/documentations-commerciales\/\"]}]},{\"@type\":\"BreadcrumbList\",\"@id\":\"https:\/\/www.microlide.com\/fr\/documentations-commerciales\/#breadcrumb\",\"itemListElement\":[{\"@type\":\"ListItem\",\"position\":1,\"name\":\"Accueil\",\"item\":\"https:\/\/www.microlide.com\/fr\/\"},{\"@type\":\"ListItem\",\"position\":2,\"name\":\"Documentations commerciales\"}]},{\"@type\":\"WebSite\",\"@id\":\"https:\/\/www.microlide.com\/fr\/#website\",\"url\":\"https:\/\/www.microlide.com\/fr\/\",\"name\":\"SN Microlide\",\"description\":\"Fabricant d&#039;enregistreurs de temp\u00e9ratures et autres mesures, syst\u00e8me de tra\u00e7abilit\u00e9 totale\",\"publisher\":{\"@id\":\"https:\/\/www.microlide.com\/fr\/#organization\"},\"potentialAction\":[{\"@type\":\"SearchAction\",\"target\":{\"@type\":\"EntryPoint\",\"urlTemplate\":\"https:\/\/www.microlide.com\/fr\/?s={search_term_string}\"},\"query-input\":\"required name=search_term_string\"}],\"inLanguage\":\"fr-FR\"},{\"@type\":\"Organization\",\"@id\":\"https:\/\/www.microlide.com\/fr\/#organization\",\"name\":\"SN Microlide\",\"url\":\"https:\/\/www.microlide.com\/fr\/\",\"logo\":{\"@type\":\"ImageObject\",\"inLanguage\":\"fr-FR\",\"@id\":\"https:\/\/www.microlide.com\/fr\/#\/schema\/logo\/image\/\",\"url\":\"https:\/\/www.microlide.com\/fr\/wp-content\/uploads\/sites\/2\/2026\/03\/cropped-microlide_quadri-scaled-1.jpg\",\"contentUrl\":\"https:\/\/www.microlide.com\/fr\/wp-content\/uploads\/sites\/2\/2026\/03\/cropped-microlide_quadri-scaled-1.jpg\",\"width\":2182,\"height\":410,\"caption\":\"SN Microlide\"},\"image\":{\"@id\":\"https:\/\/www.microlide.com\/fr\/#\/schema\/logo\/image\/\"},\"sameAs\":[\"https:\/\/www.facebook.com\/SNMicrolide\/?locale=fr_FR\",\"https:\/\/fr.linkedin.com\/in\/sn-microlide-6aba01189\"]}]}<\/script>\n<!-- \/ Yoast SEO plugin. -->","yoast_head_json":{"title":"Documentations commerciales - SN Microlide","robots":{"index":"index","follow":"follow","max-snippet":"max-snippet:-1","max-image-preview":"max-image-preview:large","max-video-preview":"max-video-preview:-1"},"canonical":"https:\/\/www.microlide.com\/fr\/documentations-commerciales\/","og_locale":"fr_FR","og_type":"article","og_title":"Documentations commerciales - SN Microlide","og_description":"Documentations commerciales Prenez connaissance de nos documentations Nos documentations commerciales Choisissez une solution pour lister les documentations commerciales concern\u00e9es\u200b Catalogue Microlide Catalogue Microlide (pdf &#8211; 6,5Mo) i-MINILide Flyer iminilide (pdf &#8211; 1Mo) Lide2 Brochure Lide2 (pdf &#8211; 1Mo) Lide2 Connect Brochure Lide2 Connect (pdf &#8211; 1Mo) TRA\u00c7ALIGHT Brochure Tra\u00e7alight (pdf &#8211; 1Mo) Tra\u00e7alide Expert Brochure [&hellip;]","og_url":"https:\/\/www.microlide.com\/fr\/documentations-commerciales\/","og_site_name":"SN Microlide","article_publisher":"https:\/\/www.facebook.com\/SNMicrolide\/?locale=fr_FR","article_modified_time":"2025-01-13T14:14:43+00:00","twitter_card":"summary_large_image","twitter_misc":{"Dur\u00e9e de lecture estim\u00e9e":"1 minute"},"schema":{"@context":"https:\/\/schema.org","@graph":[{"@type":"WebPage","@id":"https:\/\/www.microlide.com\/fr\/documentations-commerciales\/","url":"https:\/\/www.microlide.com\/fr\/documentations-commerciales\/","name":"Documentations commerciales - SN Microlide","isPartOf":{"@id":"https:\/\/www.microlide.com\/fr\/#website"},"datePublished":"2014-09-11T13:45:54+00:00","dateModified":"2025-01-13T14:14:43+00:00","breadcrumb":{"@id":"https:\/\/www.microlide.com\/fr\/documentations-commerciales\/#breadcrumb"},"inLanguage":"fr-FR","potentialAction":[{"@type":"ReadAction","target":["https:\/\/www.microlide.com\/fr\/documentations-commerciales\/"]}]},{"@type":"BreadcrumbList","@id":"https:\/\/www.microlide.com\/fr\/documentations-commerciales\/#breadcrumb","itemListElement":[{"@type":"ListItem","position":1,"name":"Accueil","item":"https:\/\/www.microlide.com\/fr\/"},{"@type":"ListItem","position":2,"name":"Documentations commerciales"}]},{"@type":"WebSite","@id":"https:\/\/www.microlide.com\/fr\/#website","url":"https:\/\/www.microlide.com\/fr\/","name":"SN Microlide","description":"Fabricant d&#039;enregistreurs de temp\u00e9ratures et autres mesures, syst\u00e8me de tra\u00e7abilit\u00e9 totale","publisher":{"@id":"https:\/\/www.microlide.com\/fr\/#organization"},"potentialAction":[{"@type":"SearchAction","target":{"@type":"EntryPoint","urlTemplate":"https:\/\/www.microlide.com\/fr\/?s={search_term_string}"},"query-input":"required name=search_term_string"}],"inLanguage":"fr-FR"},{"@type":"Organization","@id":"https:\/\/www.microlide.com\/fr\/#organization","name":"SN Microlide","url":"https:\/\/www.microlide.com\/fr\/","logo":{"@type":"ImageObject","inLanguage":"fr-FR","@id":"https:\/\/www.microlide.com\/fr\/#\/schema\/logo\/image\/","url":"https:\/\/www.microlide.com\/fr\/wp-content\/uploads\/sites\/2\/2026\/03\/cropped-microlide_quadri-scaled-1.jpg","contentUrl":"https:\/\/www.microlide.com\/fr\/wp-content\/uploads\/sites\/2\/2026\/03\/cropped-microlide_quadri-scaled-1.jpg","width":2182,"height":410,"caption":"SN Microlide"},"image":{"@id":"https:\/\/www.microlide.com\/fr\/#\/schema\/logo\/image\/"},"sameAs":["https:\/\/www.facebook.com\/SNMicrolide\/?locale=fr_FR","https:\/\/fr.linkedin.com\/in\/sn-microlide-6aba01189"]}]}},"_links":{"self":[{"href":"https:\/\/www.microlide.com\/fr\/wp-json\/wp\/v2\/pages\/56"}],"collection":[{"href":"https:\/\/www.microlide.com\/fr\/wp-json\/wp\/v2\/pages"}],"about":[{"href":"https:\/\/www.microlide.com\/fr\/wp-json\/wp\/v2\/types\/page"}],"author":[{"embeddable":true,"href":"https:\/\/www.microlide.com\/fr\/wp-json\/wp\/v2\/users\/1"}],"replies":[{"embeddable":true,"href":"https:\/\/www.microlide.com\/fr\/wp-json\/wp\/v2\/comments?post=56"}],"version-history":[{"count":102,"href":"https:\/\/www.microlide.com\/fr\/wp-json\/wp\/v2\/pages\/56\/revisions"}],"predecessor-version":[{"id":14744,"href":"https:\/\/www.microlide.com\/fr\/wp-json\/wp\/v2\/pages\/56\/revisions\/14744"}],"wp:attachment":[{"href":"https:\/\/www.microlide.com\/fr\/wp-json\/wp\/v2\/media?parent=56"}],"curies":[{"name":"wp","href":"https:\/\/api.w.org\/{rel}","templated":true}]}}